{"id":53,"date":"2019-06-17T15:47:55","date_gmt":"2019-06-17T15:47:55","guid":{"rendered":"http:\/\/www.climasip.es\/?page_id=53"},"modified":"2026-02-02T10:43:17","modified_gmt":"2026-02-02T10:43:17","slug":"cookies","status":"publish","type":"page","link":"https:\/\/www.climasip.es\/es\/cookies\/","title":{"rendered":"Pol\u00edtica de Cookies"},"content":{"rendered":"\t\t<div data-elementor-type=\"wp-post\" data-elementor-id=\"53\" class=\"elementor elementor-53\" data-elementor-post-type=\"page\">\n\t\t\t\t\t\t<section class=\"elementor-section elementor-top-section elementor-element elementor-element-e4f0e8e elementor-section-boxed elementor-section-height-default elementor-section-height-default\" data-id=\"e4f0e8e\" data-element_type=\"section\">\n\t\t\t\t\t\t<div class=\"elementor-container elementor-column-gap-default\">\n\t\t\t\t\t<div class=\"elementor-column elementor-col-100 elementor-top-column elementor-element elementor-element-51cfa51\" data-id=\"51cfa51\" data-element_type=\"column\">\n\t\t\t<div class=\"elementor-widget-wrap elementor-element-populated\">\n\t\t\t\t\t\t<div class=\"elementor-element elementor-element-e642c4a elementor-widget elementor-widget-spacer\" data-id=\"e642c4a\" data-element_type=\"widget\" data-widget_type=\"spacer.default\">\n\t\t\t\t<div class=\"elementor-widget-container\">\n\t\t\t\t\t\t\t<div class=\"elementor-spacer\">\n\t\t\t<div class=\"elementor-spacer-inner\"><\/div>\n\t\t<\/div>\n\t\t\t\t\t\t<\/div>\n\t\t\t\t<\/div>\n\t\t\t\t\t<\/div>\n\t\t<\/div>\n\t\t\t\t\t<\/div>\n\t\t<\/section>\n\t\t\t\t<section class=\"elementor-section elementor-top-section elementor-element elementor-element-cef9402 elementor-section-boxed elementor-section-height-default elementor-section-height-default\" data-id=\"cef9402\" data-element_type=\"section\">\n\t\t\t\t\t\t<div class=\"elementor-container elementor-column-gap-default\">\n\t\t\t\t\t<div class=\"elementor-column elementor-col-100 elementor-top-column elementor-element elementor-element-2e6b07b\" data-id=\"2e6b07b\" data-element_type=\"column\">\n\t\t\t<div class=\"elementor-widget-wrap elementor-element-populated\">\n\t\t\t\t\t\t<div class=\"elementor-element elementor-element-93deb4e elementor-widget elementor-widget-heading\" data-id=\"93deb4e\" data-element_type=\"widget\" data-widget_type=\"heading.default\">\n\t\t\t\t<div class=\"elementor-widget-container\">\n\t\t\t\t\t<h2 class=\"elementor-heading-title elementor-size-default\">Pol\u00edtica de Cookies<\/h2>\t\t\t\t<\/div>\n\t\t\t\t<\/div>\n\t\t\t\t<div class=\"elementor-element elementor-element-de8ae10 elementor-widget elementor-widget-spacer\" data-id=\"de8ae10\" data-element_type=\"widget\" data-widget_type=\"spacer.default\">\n\t\t\t\t<div class=\"elementor-widget-container\">\n\t\t\t\t\t\t\t<div class=\"elementor-spacer\">\n\t\t\t<div class=\"elementor-spacer-inner\"><\/div>\n\t\t<\/div>\n\t\t\t\t\t\t<\/div>\n\t\t\t\t<\/div>\n\t\t\t\t<div class=\"elementor-element elementor-element-b54b15b elementor-widget elementor-widget-text-editor\" data-id=\"b54b15b\" data-element_type=\"widget\" data-widget_type=\"text-editor.default\">\n\t\t\t\t<div class=\"elementor-widget-container\">\n\t\t\t\t\t\t\t\t\t<p>Este sitio web utiliza cookies propias y de terceros para ofrecerle una mejor experiencia y servicio. Al navegar o utilizar nuestros servicios, el usuario acepta el uso que hacemos de las cookies. No obstante, el usuario tiene la opci\u00f3n de impedir la generaci\u00f3n de cookies y la eliminaci\u00f3n de las mismas.<\/p><h3 style=\"color: #8b8acc;\">\u00bfQU\u00c9 ES UNA COOKIE?<\/h3><p>Una cookie es un peque\u00f1o fragmento de texto que los sitios web env\u00edan al navegador y que se almacena en el terminal del usuario, el cual puede ser un ordenador personal, un tel\u00e9fono m\u00f3vil, una tableta, etc. Estos archivos permiten que el sitio web recuerde informaci\u00f3n sobre su visita, como el idioma y las opciones preferidas, lo que puede facilitar su pr\u00f3xima visita y hacer que el sitio resulte m\u00e1s \u00fatil al personalizar su contenido. Las cookies desempe\u00f1an un papel muy importante, ya que mejoran la experiencia de uso de la web.<\/p><h3 style=\"color: #8b8acc;\">TIPOS DE COOKIES<\/h3><p>Seg\u00fan la entidad que las gestione, las cookies pueden ser:<\/p><ul><li><strong>Cookies propias<\/strong>: Son aquellas que se env\u00edan al equipo terminal del interesado desde un equipo o dominio gestionado por el propio editor y desde el que se presta el servicio solicitado por el usuario.<\/li><li><strong>Cookies de terceros<\/strong>: Son aquellas que se env\u00edan al equipo terminal del usuario desde un equipo o dominio que no es gestionado por el editor, sino por otra entidad que trata los datos obtenidos a trav\u00e9s de las cookies.<\/li><\/ul><p>Seg\u00fan el plazo de tiempo que permanecen activadas:<\/p><ul><li><strong>Cookies de sesi\u00f3n<\/strong>: Son un tipo de cookies dise\u00f1adas para recabar y almacenar datos mientras el usuario accede a una p\u00e1gina web. Se suelen emplear para almacenar informaci\u00f3n que solo interesa conservar para la prestaci\u00f3n del servicio solicitado por el usuario en una sola ocasi\u00f3n.<\/li><li><strong>Cookies persistentes<\/strong>: Son un tipo de cookies en las que los datos siguen almacenados en el terminal y pueden ser accedidos y tratados durante un periodo definido por el responsable de la cookie, que puede ir de unos minutos a varios a\u00f1os.<\/li><\/ul><p>Seg\u00fan la finalidad para la cual se traten los datos obtenidos a trav\u00e9s de las cookies, la web puede utilizar:<\/p><ul><li><strong>Cookies t\u00e9cnicas<\/strong> -Son aquellas que permiten al usuario la navegaci\u00f3n a trav\u00e9s de la p\u00e1gina web o aplicaci\u00f3n y la utilizaci\u00f3n de las diferentes opciones o servicios que hay en ella. Por ejemplo, controlar el tr\u00e1fico y la comunicaci\u00f3n de datos, identificar la sesi\u00f3n, acceder a las partes web de acceso restringido, recordar los elementos que integran un pedido, realizar la solicitud de inscripci\u00f3n o participaci\u00f3n en un evento, utilizar elementos de seguridad durante la navegaci\u00f3n y almacenar contenidos para la difusi\u00f3n de v\u00eddeos o sonido.<\/li><li><strong>Cookies de personalizaci\u00f3n<\/strong> -Son aquellas que permiten al usuario acceder al servicio con algunas caracter\u00edsticas de car\u00e1cter general predefinidas en su terminal o que el propio usuario defina. Por ejemplo, el idioma, el tipo de navegador a trav\u00e9s del cual accede al servicio, el dise\u00f1o de contenidos seleccionado, la geolocalizaci\u00f3n del terminal y la configuraci\u00f3n regional desde donde se accede al servicio.<\/li><li><strong>Cookies publicitarias<\/strong> -Son aquellas que permiten la gesti\u00f3n eficaz de los espacios publicitarios que se han incluido en la p\u00e1gina web o aplicaci\u00f3n desde la cual se presta el servicio. Permiten adecuar el contenido de la publicidad para que sea relevante para el usuario y evitar mostrar anuncios que el usuario ya haya visto.<\/li><li><strong>Cookies de an\u00e1lisis estad\u00edstico<\/strong> -Son aquellas que permiten realizar el seguimiento y an\u00e1lisis del comportamiento de los usuarios en los sitios web. La informaci\u00f3n recogida mediante este tipo de cookies se utiliza para la medici\u00f3n de la actividad de los sitios web, aplicaci\u00f3n o plataforma y para la elaboraci\u00f3n de perfiles de navegaci\u00f3n de los usuarios de dichos sitios, con el fin de introducir mejoras en el servicio en funci\u00f3n de los datos de uso que realizan los usuarios.<\/li><\/ul><h3 style=\"color: #8b8acc;\">\u00bfQU\u00c9 TIPO DE COOKIES SE UTILIZAN EN ESTA P\u00c1GINA WEB?<\/h3><p>Las cookies propias y de terceros utilizadas en esta p\u00e1gina web se muestran a continuaci\u00f3n:<\/p><p><strong>Necesarias<br \/><\/strong>Las cookies necesarias son absolutamente esenciales para que el sitio web funcione correctamente. Estas cookies garantizan funcionalidades b\u00e1sicas y caracter\u00edsticas de seguridad del sitio web, de forma an\u00f3nima.<\/p>\t\t\t\t\t\t\t\t<\/div>\n\t\t\t\t<\/div>\n\t\t\t\t<div class=\"elementor-element elementor-element-0d6c11a elementor-widget elementor-widget-text-editor\" data-id=\"0d6c11a\" data-element_type=\"widget\" data-widget_type=\"text-editor.default\">\n\t\t\t\t<div class=\"elementor-widget-container\">\n\t\t\t\t\t\t\t\t\t<table class=\"has-fixed-layout\"><tbody><tr><td>Cookie<\/td><td>Origen<\/td><td>Duraci\u00f3n<\/td><td>Descripci\u00f3n<\/td><\/tr><tr><td>_GRECAPTCHA<\/td><td>Google<\/td><td>5 meses 27 d\u00edas<\/td><td>Esta cookie es establecida por el servicio de Google reCAPTCHA para identificar bots, con el fin de proteger la web frente a ataques maliciosos de spam.<\/td><\/tr><tr><td>cookielawinfo-casilla de selecci\u00f3n-advertisement<\/td><td>Propia<\/td><td>1 a\u00f1o<\/td><td>Establecida por el plugin GDPR Cookie Consent para registrar el consentimiento del usuario para el uso de cookies en la categor\u00eda \u201cPublicitarias\u201d.<\/td><\/tr><tr><td>cookielawinfo-casilla de selecci\u00f3n-analytics<\/td><td>Propia<\/td><td>11 meses<\/td><td>Establecida por el plugin GDPR Cookie Consent para registrar el consentimiento del usuario para el uso de cookies en la categor\u00eda \u201cAnal\u00edticas\u201d.<\/td><\/tr><tr><td>cookielawinfo-casilla de selecci\u00f3n-functional<\/td><td>Propia<\/td><td>11 meses<\/td><td>Establecida por el plugin GDPR Cookie Consent para registrar el consentimiento del usuario para el uso de cookies en la categor\u00eda \u201cFuncionales\u201d.<\/td><\/tr><tr><td>cookielawinfo-casilla de selecci\u00f3n-necessary<\/td><td>Propia<\/td><td>11 meses<\/td><td>Establecida por el plugin GDPR Cookie Consent para registrar el consentimiento del usuario para el uso de cookies en la categor\u00eda \u201cNecesarias\u201d.<\/td><\/tr><tr><td>cookielawinfo-casilla de selecci\u00f3n-others<\/td><td>Propia<\/td><td>11 meses<\/td><td>Establecida por el plugin GDPR Cookie Consent para registrar el consentimiento del usuario para el uso de cookies en la categor\u00eda \u201cOtras\u201d.<\/td><\/tr><tr><td>cookielawinfo-casilla de selecci\u00f3n-performance<\/td><td>Propia<\/td><td>11 meses<\/td><td>Establecida por el plugin GDPR Cookie Consent para registrar el consentimiento del usuario para el uso de cookies en la categor\u00eda \u201cRendimiento\u201d.<\/td><\/tr><tr><td>OptanonConsent<\/td><td>Propia<\/td><td>1 a\u00f1o<\/td><td>OneTrust establece esta cookie para almacenar detalles sobre las categor\u00edas de cookies del sitio y comprobar si los visitantes han otorgado o retirado el consentimiento para el uso de cada categor\u00eda.<\/td><\/tr><tr><td>pmpro_visit<\/td><td>Propia<\/td><td>Sesi\u00f3n<\/td><td>Esta cookie es establecida por el plugin PaidMembership Pro para gestionar las suscripciones de usuarios.<\/td><\/tr><tr><td>viewed_cookie_policy<\/td><td>Propia<\/td><td>11 meses<\/td><td>Esta cookie la establece el plugin GDPR Cookie Consent para almacenar si el usuario ha otorgado o no su consentimiento para el uso de cookies. No almacena datos personales.<\/td><\/tr><\/tbody><\/table>\t\t\t\t\t\t\t\t<\/div>\n\t\t\t\t<\/div>\n\t\t\t\t<div class=\"elementor-element elementor-element-1c27c01 elementor-widget elementor-widget-text-editor\" data-id=\"1c27c01\" data-element_type=\"widget\" data-widget_type=\"text-editor.default\">\n\t\t\t\t<div class=\"elementor-widget-container\">\n\t\t\t\t\t\t\t\t\t<p><strong>Anal\u00edticas<\/strong><br \/>Las cookies anal\u00edticas se utilizan para comprender c\u00f3mo interact\u00faan los visitantes con el sitio web. Estas cookies ayudan a proporcionar informaci\u00f3n sobre m\u00e9tricas, el n\u00famero de visitantes, la tasa de rebote, la fuente de tr\u00e1fico, etc.<\/p>\t\t\t\t\t\t\t\t<\/div>\n\t\t\t\t<\/div>\n\t\t\t\t<div class=\"elementor-element elementor-element-758d073 elementor-widget elementor-widget-text-editor\" data-id=\"758d073\" data-element_type=\"widget\" data-widget_type=\"text-editor.default\">\n\t\t\t\t<div class=\"elementor-widget-container\">\n\t\t\t\t\t\t\t\t\t<table class=\"has-fixed-layout\"><tbody><tr><td>Cookie<\/td><td>Origen<\/td><td>Duraci\u00f3n<\/td><td>Descripci\u00f3n<\/td><\/tr><tr><td>_ga<\/td><td>Google<\/td><td>2 a\u00f1os<\/td><td>Esta cookie, instalada por Google Analytics, calcula los datos de visitantes, sesiones y campa\u00f1as y tambi\u00e9n realiza un seguimiento del uso del sitio para el informe anal\u00edtico del sitio. La cookie almacena la informaci\u00f3n de forma an\u00f3nima y asigna un n\u00famero generado aleatoriamente para reconocer a visitantes \u00fanicos.<\/td><\/tr><tr><td>_gat_gtag_UA_122174193_10<\/td><td>Google<\/td><td>1 minuto<\/td><td>Establecida por Google para diferenciar a los usuarios.<\/td><\/tr><tr><td>_gid<\/td><td>Google<\/td><td>1 d\u00eda<\/td><td>Instalada por Google Analytics, esta cookie almacena informaci\u00f3n sobre c\u00f3mo los visitantes usan un sitio web, al mismo tiempo que crea un informe anal\u00edtico del rendimiento del sitio web. Algunos de los datos que se recopilan incluyen el n\u00famero de visitantes, su fuente y las p\u00e1ginas que visitan de forma an\u00f3nima.<\/td><\/tr><\/tbody><\/table>\t\t\t\t\t\t\t\t<\/div>\n\t\t\t\t<\/div>\n\t\t\t\t<div class=\"elementor-element elementor-element-dafd224 elementor-widget elementor-widget-text-editor\" data-id=\"dafd224\" data-element_type=\"widget\" data-widget_type=\"text-editor.default\">\n\t\t\t\t<div class=\"elementor-widget-container\">\n\t\t\t\t\t\t\t\t\t<h3 style=\"color: #8b8acc;\">\u00bfC\u00d3MO ADMINISTRAR LAS COOKIES EN EL NAVEGADOR?<\/h3><p>El usuario tiene la opci\u00f3n de permitir, bloquear o eliminar las cookies instaladas en su equipo mediante la configuraci\u00f3n de las opciones del navegador instalado en su terminal:<\/p><ul><li><strong>Firefox<\/strong>: <a href=\"http:\/\/support.mozilla.org\/es\/kb\/habilitar-y-deshabilitar-cookies-que-los-sitios-we\">http:\/\/support.mozilla.org\/es\/kb\/habilitar-y-deshabilitar-cookies-que-los-sitios-we<\/a><\/li><li><strong>Chrome<\/strong>: <a href=\"http:\/\/support.google.com\/chrome\/bin\/answer.py?hl=es&amp;answer=95647\">http:\/\/support.google.com\/chrome\/bin\/answer.py?hl=es&amp;answer=95647<\/a><\/li><li><strong>Internet Explorer<\/strong>: <a href=\"https:\/\/support.microsoft.com\/es-es\/help\/278835\/how-to-delete-cookie-files-in-internet-explorer\">https:\/\/support.microsoft.com\/es-es\/help\/278835\/how-to-delete-cookie-files-in-internet-explorer<\/a><\/li><li><strong>Microsoft Edge<\/strong>: <a href=\"https:\/\/support.microsoft.com\/es-es\/help\/4468242\/microsoft-edge-browsing-data-and-privacy-microsoft-privacy\">https:\/\/support.microsoft.com\/es-es\/help\/4468242\/microsoft-edge-browsing-data-and-privacy-microsoft-privacy<\/a><\/li><li><strong>Safari<\/strong>: <a href=\"http:\/\/support.apple.com\/kb\/ph5042\">http:\/\/support.apple.com\/kb\/ph5042<\/a><\/li><li><strong>Opera<\/strong>: <a href=\"http:\/\/help.opera.com\/Windows\/11.50\/es-ES\/cookies.html\">http:\/\/help.opera.com\/Windows\/11.50\/es-ES\/cookies.html<\/a><\/li><\/ul>\t\t\t\t\t\t\t\t<\/div>\n\t\t\t\t<\/div>\n\t\t\t\t\t<\/div>\n\t\t<\/div>\n\t\t\t\t\t<\/div>\n\t\t<\/section>\n\t\t\t\t<section class=\"elementor-section elementor-top-section elementor-element elementor-element-23b2502 elementor-section-boxed elementor-section-height-default elementor-section-height-default\" data-id=\"23b2502\" data-element_type=\"section\">\n\t\t\t\t\t\t<div class=\"elementor-container elementor-column-gap-default\">\n\t\t\t\t\t<div class=\"elementor-column elementor-col-100 elementor-top-column elementor-element elementor-element-0c88a89\" data-id=\"0c88a89\" data-element_type=\"column\">\n\t\t\t<div class=\"elementor-widget-wrap elementor-element-populated\">\n\t\t\t\t\t\t<div class=\"elementor-element elementor-element-775bb6b elementor-widget elementor-widget-spacer\" data-id=\"775bb6b\" data-element_type=\"widget\" data-widget_type=\"spacer.default\">\n\t\t\t\t<div class=\"elementor-widget-container\">\n\t\t\t\t\t\t\t<div class=\"elementor-spacer\">\n\t\t\t<div class=\"elementor-spacer-inner\"><\/div>\n\t\t<\/div>\n\t\t\t\t\t\t<\/div>\n\t\t\t\t<\/div>\n\t\t\t\t\t<\/div>\n\t\t<\/div>\n\t\t\t\t\t<\/div>\n\t\t<\/section>\n\t\t\t\t<\/div>\n\t\t","protected":false},"excerpt":{"rendered":"<p>Pol\u00edtica de Cookies Este sitio web utiliza cookies propias y de terceros para ofrecerle una mejor experiencia y servicio. Al navegar o utilizar nuestros servicios, el usuario acepta el uso que hacemos de las cookies. No obstante, el usuario tiene la opci\u00f3n de impedir la generaci\u00f3n de cookies y la eliminaci\u00f3n de las mismas. \u00bfQU\u00c9 &#8230; <a title=\"Pol\u00edtica de Cookies\" class=\"read-more\" href=\"https:\/\/www.climasip.es\/es\/cookies\/\" aria-label=\"Leer m\u00e1s sobre Pol\u00edtica de Cookies\">Leer m\u00e1s<\/a><\/p>\n","protected":false},"author":2,"featured_media":0,"parent":0,"menu_order":0,"comment_status":"closed","ping_status":"closed","template":"","meta":{"footnotes":""},"class_list":["post-53","page","type-page","status-publish"],"yoast_head":"<!-- This site is optimized with the Yoast SEO plugin v27.4 - https:\/\/yoast.com\/product\/yoast-seo-wordpress\/ -->\n<title>Pol\u00edtica de Cookies - CLIMASIP<\/title>\n<meta name=\"robots\" content=\"index, follow, max-snippet:-1, max-image-preview:large, max-video-preview:-1\" \/>\n<link rel=\"canonical\" href=\"https:\/\/www.climasip.es\/es\/cookies\/\" \/>\n<meta property=\"og:locale\" content=\"es_ES\" \/>\n<meta property=\"og:type\" content=\"article\" \/>\n<meta property=\"og:title\" content=\"Pol\u00edtica de Cookies - CLIMASIP\" \/>\n<meta property=\"og:description\" content=\"Pol\u00edtica de Cookies Este sitio web utiliza cookies propias y de terceros para ofrecerle una mejor experiencia y servicio. Al navegar o utilizar nuestros servicios, el usuario acepta el uso que hacemos de las cookies. No obstante, el usuario tiene la opci\u00f3n de impedir la generaci\u00f3n de cookies y la eliminaci\u00f3n de las mismas. \u00bfQU\u00c9 ... Leer m\u00e1s\" \/>\n<meta property=\"og:url\" content=\"https:\/\/www.climasip.es\/es\/cookies\/\" \/>\n<meta property=\"og:site_name\" content=\"CLIMASIP\" \/>\n<meta property=\"article:modified_time\" content=\"2026-02-02T10:43:17+00:00\" \/>\n<meta name=\"twitter:card\" content=\"summary_large_image\" \/>\n<meta name=\"twitter:label1\" content=\"Tiempo de lectura\" \/>\n\t<meta name=\"twitter:data1\" content=\"6 minutos\" \/>\n<script type=\"application\/ld+json\" class=\"yoast-schema-graph\">{\"@context\":\"https:\\\/\\\/schema.org\",\"@graph\":[{\"@type\":\"WebPage\",\"@id\":\"https:\\\/\\\/www.climasip.es\\\/es\\\/cookies\\\/\",\"url\":\"https:\\\/\\\/www.climasip.es\\\/es\\\/cookies\\\/\",\"name\":\"Pol\u00edtica de Cookies - CLIMASIP\",\"isPartOf\":{\"@id\":\"https:\\\/\\\/www.climasip.es\\\/es\\\/#website\"},\"datePublished\":\"2019-06-17T15:47:55+00:00\",\"dateModified\":\"2026-02-02T10:43:17+00:00\",\"breadcrumb\":{\"@id\":\"https:\\\/\\\/www.climasip.es\\\/es\\\/cookies\\\/#breadcrumb\"},\"inLanguage\":\"es\",\"potentialAction\":[{\"@type\":\"ReadAction\",\"target\":[\"https:\\\/\\\/www.climasip.es\\\/es\\\/cookies\\\/\"]}]},{\"@type\":\"BreadcrumbList\",\"@id\":\"https:\\\/\\\/www.climasip.es\\\/es\\\/cookies\\\/#breadcrumb\",\"itemListElement\":[{\"@type\":\"ListItem\",\"position\":1,\"name\":\"Inici\",\"item\":\"https:\\\/\\\/www.climasip.es\\\/es\\\/\"},{\"@type\":\"ListItem\",\"position\":2,\"name\":\"Pol\u00edtica de Cookies\"}]},{\"@type\":\"WebSite\",\"@id\":\"https:\\\/\\\/www.climasip.es\\\/es\\\/#website\",\"url\":\"https:\\\/\\\/www.climasip.es\\\/es\\\/\",\"name\":\"CLIMASIP\",\"description\":\"Climatitzaci\u00f3 i refrigeraci\u00f3 dom\u00e8stica, comercial i industrial.\",\"publisher\":{\"@id\":\"https:\\\/\\\/www.climasip.es\\\/es\\\/#organization\"},\"potentialAction\":[{\"@type\":\"SearchAction\",\"target\":{\"@type\":\"EntryPoint\",\"urlTemplate\":\"https:\\\/\\\/www.climasip.es\\\/es\\\/?s={search_term_string}\"},\"query-input\":{\"@type\":\"PropertyValueSpecification\",\"valueRequired\":true,\"valueName\":\"search_term_string\"}}],\"inLanguage\":\"es\"},{\"@type\":\"Organization\",\"@id\":\"https:\\\/\\\/www.climasip.es\\\/es\\\/#organization\",\"name\":\"CLIMASIP\",\"url\":\"https:\\\/\\\/www.climasip.es\\\/es\\\/\",\"logo\":{\"@type\":\"ImageObject\",\"inLanguage\":\"es\",\"@id\":\"https:\\\/\\\/www.climasip.es\\\/es\\\/#\\\/schema\\\/logo\\\/image\\\/\",\"url\":\"https:\\\/\\\/www.climasip.es\\\/es\\\/wp-content\\\/uploads\\\/sites\\\/2\\\/logo-climasip-n.jpg\",\"contentUrl\":\"https:\\\/\\\/www.climasip.es\\\/es\\\/wp-content\\\/uploads\\\/sites\\\/2\\\/logo-climasip-n.jpg\",\"width\":1000,\"height\":377,\"caption\":\"CLIMASIP\"},\"image\":{\"@id\":\"https:\\\/\\\/www.climasip.es\\\/es\\\/#\\\/schema\\\/logo\\\/image\\\/\"}}]}<\/script>\n<!-- \/ Yoast SEO plugin. -->","yoast_head_json":{"title":"Pol\u00edtica de Cookies - CLIMASIP","robots":{"index":"index","follow":"follow","max-snippet":"max-snippet:-1","max-image-preview":"max-image-preview:large","max-video-preview":"max-video-preview:-1"},"canonical":"https:\/\/www.climasip.es\/es\/cookies\/","og_locale":"es_ES","og_type":"article","og_title":"Pol\u00edtica de Cookies - CLIMASIP","og_description":"Pol\u00edtica de Cookies Este sitio web utiliza cookies propias y de terceros para ofrecerle una mejor experiencia y servicio. Al navegar o utilizar nuestros servicios, el usuario acepta el uso que hacemos de las cookies. No obstante, el usuario tiene la opci\u00f3n de impedir la generaci\u00f3n de cookies y la eliminaci\u00f3n de las mismas. \u00bfQU\u00c9 ... Leer m\u00e1s","og_url":"https:\/\/www.climasip.es\/es\/cookies\/","og_site_name":"CLIMASIP","article_modified_time":"2026-02-02T10:43:17+00:00","twitter_card":"summary_large_image","twitter_misc":{"Tiempo de lectura":"6 minutos"},"schema":{"@context":"https:\/\/schema.org","@graph":[{"@type":"WebPage","@id":"https:\/\/www.climasip.es\/es\/cookies\/","url":"https:\/\/www.climasip.es\/es\/cookies\/","name":"Pol\u00edtica de Cookies - CLIMASIP","isPartOf":{"@id":"https:\/\/www.climasip.es\/es\/#website"},"datePublished":"2019-06-17T15:47:55+00:00","dateModified":"2026-02-02T10:43:17+00:00","breadcrumb":{"@id":"https:\/\/www.climasip.es\/es\/cookies\/#breadcrumb"},"inLanguage":"es","potentialAction":[{"@type":"ReadAction","target":["https:\/\/www.climasip.es\/es\/cookies\/"]}]},{"@type":"BreadcrumbList","@id":"https:\/\/www.climasip.es\/es\/cookies\/#breadcrumb","itemListElement":[{"@type":"ListItem","position":1,"name":"Inici","item":"https:\/\/www.climasip.es\/es\/"},{"@type":"ListItem","position":2,"name":"Pol\u00edtica de Cookies"}]},{"@type":"WebSite","@id":"https:\/\/www.climasip.es\/es\/#website","url":"https:\/\/www.climasip.es\/es\/","name":"CLIMASIP","description":"Climatitzaci\u00f3 i refrigeraci\u00f3 dom\u00e8stica, comercial i industrial.","publisher":{"@id":"https:\/\/www.climasip.es\/es\/#organization"},"potentialAction":[{"@type":"SearchAction","target":{"@type":"EntryPoint","urlTemplate":"https:\/\/www.climasip.es\/es\/?s={search_term_string}"},"query-input":{"@type":"PropertyValueSpecification","valueRequired":true,"valueName":"search_term_string"}}],"inLanguage":"es"},{"@type":"Organization","@id":"https:\/\/www.climasip.es\/es\/#organization","name":"CLIMASIP","url":"https:\/\/www.climasip.es\/es\/","logo":{"@type":"ImageObject","inLanguage":"es","@id":"https:\/\/www.climasip.es\/es\/#\/schema\/logo\/image\/","url":"https:\/\/www.climasip.es\/es\/wp-content\/uploads\/sites\/2\/logo-climasip-n.jpg","contentUrl":"https:\/\/www.climasip.es\/es\/wp-content\/uploads\/sites\/2\/logo-climasip-n.jpg","width":1000,"height":377,"caption":"CLIMASIP"},"image":{"@id":"https:\/\/www.climasip.es\/es\/#\/schema\/logo\/image\/"}}]}},"_links":{"self":[{"href":"https:\/\/www.climasip.es\/es\/wp-json\/wp\/v2\/pages\/53","targetHints":{"allow":["GET"]}}],"collection":[{"href":"https:\/\/www.climasip.es\/es\/wp-json\/wp\/v2\/pages"}],"about":[{"href":"https:\/\/www.climasip.es\/es\/wp-json\/wp\/v2\/types\/page"}],"author":[{"embeddable":true,"href":"https:\/\/www.climasip.es\/es\/wp-json\/wp\/v2\/users\/2"}],"replies":[{"embeddable":true,"href":"https:\/\/www.climasip.es\/es\/wp-json\/wp\/v2\/comments?post=53"}],"version-history":[{"count":14,"href":"https:\/\/www.climasip.es\/es\/wp-json\/wp\/v2\/pages\/53\/revisions"}],"predecessor-version":[{"id":612,"href":"https:\/\/www.climasip.es\/es\/wp-json\/wp\/v2\/pages\/53\/revisions\/612"}],"wp:attachment":[{"href":"https:\/\/www.climasip.es\/es\/wp-json\/wp\/v2\/media?parent=53"}],"curies":[{"name":"wp","href":"https:\/\/api.w.org\/{rel}","templated":true}]}}