{"id":19,"date":"2019-06-17T10:48:57","date_gmt":"2019-06-17T10:48:57","guid":{"rendered":"http:\/\/www.climasip.es\/?page_id=19"},"modified":"2019-11-27T11:48:56","modified_gmt":"2019-11-27T11:48:56","slug":"servicios","status":"publish","type":"page","link":"https:\/\/www.climasip.es\/es\/servicios\/","title":{"rendered":"Servicios"},"content":{"rendered":"\t\t<div data-elementor-type=\"wp-post\" data-elementor-id=\"19\" class=\"elementor elementor-19\" data-elementor-post-type=\"page\">\n\t\t\t\t\t\t<section class=\"elementor-section elementor-top-section elementor-element elementor-element-45ccf8d elementor-section-full_width elementor-section-height-min-height elementor-section-height-default elementor-section-items-middle\" data-id=\"45ccf8d\" data-element_type=\"section\" data-e-type=\"section\" data-settings=\"{&quot;background_background&quot;:&quot;classic&quot;}\">\n\t\t\t\t\t\t<div class=\"elementor-container elementor-column-gap-default\">\n\t\t\t\t\t<div class=\"elementor-column elementor-col-100 elementor-top-column elementor-element elementor-element-21962db\" data-id=\"21962db\" data-element_type=\"column\" data-e-type=\"column\">\n\t\t\t<div class=\"elementor-widget-wrap elementor-element-populated\">\n\t\t\t\t\t\t<div class=\"elementor-element elementor-element-888a4dd elementor-widget elementor-widget-spacer\" data-id=\"888a4dd\" data-element_type=\"widget\" data-e-type=\"widget\" data-widget_type=\"spacer.default\">\n\t\t\t\t<div class=\"elementor-widget-container\">\n\t\t\t\t\t\t\t<div class=\"elementor-spacer\">\n\t\t\t<div class=\"elementor-spacer-inner\"><\/div>\n\t\t<\/div>\n\t\t\t\t\t\t<\/div>\n\t\t\t\t<\/div>\n\t\t\t\t\t<\/div>\n\t\t<\/div>\n\t\t\t\t\t<\/div>\n\t\t<\/section>\n\t\t\t\t<section class=\"elementor-section elementor-top-section elementor-element elementor-element-9965a88 elementor-section-height-min-height elementor-section-boxed elementor-section-height-default elementor-section-items-middle\" data-id=\"9965a88\" data-element_type=\"section\" data-e-type=\"section\" data-settings=\"{&quot;background_background&quot;:&quot;classic&quot;}\">\n\t\t\t\t\t\t<div class=\"elementor-container elementor-column-gap-default\">\n\t\t\t\t\t<div class=\"elementor-column elementor-col-50 elementor-top-column elementor-element elementor-element-5e9acbe\" data-id=\"5e9acbe\" data-element_type=\"column\" data-e-type=\"column\">\n\t\t\t<div class=\"elementor-widget-wrap elementor-element-populated\">\n\t\t\t\t\t\t<div class=\"elementor-element elementor-element-480d8f1 elementor-widget elementor-widget-theme-post-title elementor-page-title elementor-widget-heading\" data-id=\"480d8f1\" data-element_type=\"widget\" data-e-type=\"widget\" data-widget_type=\"theme-post-title.default\">\n\t\t\t\t<div class=\"elementor-widget-container\">\n\t\t\t\t\t<h1 class=\"elementor-heading-title elementor-size-default\">Servicios<\/h1>\t\t\t\t<\/div>\n\t\t\t\t<\/div>\n\t\t\t\t\t<\/div>\n\t\t<\/div>\n\t\t\t\t<div class=\"elementor-column elementor-col-50 elementor-top-column elementor-element elementor-element-d809859\" data-id=\"d809859\" data-element_type=\"column\" data-e-type=\"column\">\n\t\t\t<div class=\"elementor-widget-wrap elementor-element-populated\">\n\t\t\t\t\t\t<div class=\"elementor-element elementor-element-9b9d5a1 elementor-align-right elementor-widget elementor-widget-breadcrumbs\" data-id=\"9b9d5a1\" data-element_type=\"widget\" data-e-type=\"widget\" data-widget_type=\"breadcrumbs.default\">\n\t\t\t\t<div class=\"elementor-widget-container\">\n\t\t\t\t\t<p id=\"breadcrumbs\"><span><span><a href=\"https:\/\/www.climasip.es\/es\/\">Inici<\/a><\/span><\/span><\/p>\t\t\t\t<\/div>\n\t\t\t\t<\/div>\n\t\t\t\t\t<\/div>\n\t\t<\/div>\n\t\t\t\t\t<\/div>\n\t\t<\/section>\n\t\t\t\t<section class=\"elementor-section elementor-top-section elementor-element elementor-element-ffe7447 elementor-section-content-middle elementor-section-boxed elementor-section-height-default elementor-section-height-default\" data-id=\"ffe7447\" data-element_type=\"section\" data-e-type=\"section\">\n\t\t\t\t\t\t<div class=\"elementor-container elementor-column-gap-no\">\n\t\t\t\t\t<div class=\"elementor-column elementor-col-100 elementor-top-column elementor-element elementor-element-a52b51e\" data-id=\"a52b51e\" data-element_type=\"column\" data-e-type=\"column\">\n\t\t\t<div class=\"elementor-widget-wrap elementor-element-populated\">\n\t\t\t\t\t\t<section class=\"elementor-section elementor-inner-section elementor-element elementor-element-f2033ad elementor-section-content-middle elementor-section-boxed elementor-section-height-default elementor-section-height-default\" data-id=\"f2033ad\" data-element_type=\"section\" data-e-type=\"section\">\n\t\t\t\t\t\t<div class=\"elementor-container elementor-column-gap-no\">\n\t\t\t\t\t<div class=\"elementor-column elementor-col-33 elementor-inner-column elementor-element elementor-element-dd0df2c\" data-id=\"dd0df2c\" data-element_type=\"column\" data-e-type=\"column\">\n\t\t\t<div class=\"elementor-widget-wrap elementor-element-populated\">\n\t\t\t\t\t\t<div class=\"elementor-element elementor-element-edabd18 elementor-invisible elementor-widget elementor-widget-image\" data-id=\"edabd18\" data-element_type=\"widget\" data-e-type=\"widget\" data-settings=\"{&quot;_animation&quot;:&quot;fadeInLeft&quot;,&quot;_animation_tablet&quot;:&quot;none&quot;,&quot;_animation_mobile&quot;:&quot;none&quot;}\" data-widget_type=\"image.default\">\n\t\t\t\t<div class=\"elementor-widget-container\">\n\t\t\t\t\t\t\t\t\t\t\t\t\t\t\t<img fetchpriority=\"high\" decoding=\"async\" width=\"1000\" height=\"667\" src=\"https:\/\/www.climasip.es\/es\/wp-content\/uploads\/sites\/2\/reparacio-manteniment.jpg\" class=\"attachment-large size-large wp-image-118\" alt=\"\" srcset=\"https:\/\/www.climasip.es\/es\/wp-content\/uploads\/sites\/2\/reparacio-manteniment.jpg 1000w, https:\/\/www.climasip.es\/es\/wp-content\/uploads\/sites\/2\/reparacio-manteniment-300x200.jpg 300w, https:\/\/www.climasip.es\/es\/wp-content\/uploads\/sites\/2\/reparacio-manteniment-768x512.jpg 768w\" sizes=\"(max-width: 1000px) 100vw, 1000px\" \/>\t\t\t\t\t\t\t\t\t\t\t\t\t\t\t<\/div>\n\t\t\t\t<\/div>\n\t\t\t\t\t<\/div>\n\t\t<\/div>\n\t\t\t\t<div class=\"elementor-column elementor-col-33 elementor-inner-column elementor-element elementor-element-653d66a\" data-id=\"653d66a\" data-element_type=\"column\" data-e-type=\"column\">\n\t\t\t<div class=\"elementor-widget-wrap elementor-element-populated\">\n\t\t\t\t\t\t<div class=\"elementor-element elementor-element-0053131 elementor-widget elementor-widget-heading\" data-id=\"0053131\" data-element_type=\"widget\" data-e-type=\"widget\" data-widget_type=\"heading.default\">\n\t\t\t\t<div class=\"elementor-widget-container\">\n\t\t\t\t\t<h2 class=\"elementor-heading-title elementor-size-default\">Reparaci\u00f3n y Mantenimento<\/h2>\t\t\t\t<\/div>\n\t\t\t\t<\/div>\n\t\t\t\t<div class=\"elementor-element elementor-element-96e5dbe elementor-widget elementor-widget-text-editor\" data-id=\"96e5dbe\" data-element_type=\"widget\" data-e-type=\"widget\" data-widget_type=\"text-editor.default\">\n\t\t\t\t<div class=\"elementor-widget-container\">\n\t\t\t\t\t\t\t\t\t<p>Apostamos de forma potente por el mantenimiento de cualquier tipo de servicios que nuestros clientes puedan requerir.<\/p>\t\t\t\t\t\t\t\t<\/div>\n\t\t\t\t<\/div>\n\t\t\t\t\t<\/div>\n\t\t<\/div>\n\t\t\t\t<div class=\"elementor-column elementor-col-33 elementor-inner-column elementor-element elementor-element-a3d2e66 elementor-hidden-tablet elementor-hidden-phone\" data-id=\"a3d2e66\" data-element_type=\"column\" data-e-type=\"column\">\n\t\t\t<div class=\"elementor-widget-wrap elementor-element-populated\">\n\t\t\t\t\t\t<div class=\"elementor-element elementor-element-9fc58d5 elementor-invisible elementor-widget elementor-widget-image\" data-id=\"9fc58d5\" data-element_type=\"widget\" data-e-type=\"widget\" data-settings=\"{&quot;_animation&quot;:&quot;fadeInUp&quot;,&quot;_animation_tablet&quot;:&quot;none&quot;,&quot;_animation_mobile&quot;:&quot;none&quot;}\" data-widget_type=\"image.default\">\n\t\t\t\t<div class=\"elementor-widget-container\">\n\t\t\t\t\t\t\t\t\t\t\t\t\t\t\t<img decoding=\"async\" width=\"1000\" height=\"668\" src=\"https:\/\/www.climasip.es\/es\/wp-content\/uploads\/sites\/2\/servei-24h.jpg\" class=\"attachment-large size-large wp-image-116\" alt=\"\" srcset=\"https:\/\/www.climasip.es\/es\/wp-content\/uploads\/sites\/2\/servei-24h.jpg 1000w, https:\/\/www.climasip.es\/es\/wp-content\/uploads\/sites\/2\/servei-24h-300x200.jpg 300w, https:\/\/www.climasip.es\/es\/wp-content\/uploads\/sites\/2\/servei-24h-768x513.jpg 768w\" sizes=\"(max-width: 1000px) 100vw, 1000px\" \/>\t\t\t\t\t\t\t\t\t\t\t\t\t\t\t<\/div>\n\t\t\t\t<\/div>\n\t\t\t\t\t<\/div>\n\t\t<\/div>\n\t\t\t\t\t<\/div>\n\t\t<\/section>\n\t\t\t\t<section class=\"elementor-section elementor-inner-section elementor-element elementor-element-c8cc0fe elementor-section-content-middle elementor-reverse-mobile elementor-section-boxed elementor-section-height-default elementor-section-height-default\" data-id=\"c8cc0fe\" data-element_type=\"section\" data-e-type=\"section\">\n\t\t\t\t\t\t<div class=\"elementor-container elementor-column-gap-no\">\n\t\t\t\t\t<div class=\"elementor-column elementor-col-33 elementor-inner-column elementor-element elementor-element-328abac\" data-id=\"328abac\" data-element_type=\"column\" data-e-type=\"column\">\n\t\t\t<div class=\"elementor-widget-wrap elementor-element-populated\">\n\t\t\t\t\t\t<div class=\"elementor-element elementor-element-6333b53 elementor-widget elementor-widget-heading\" data-id=\"6333b53\" data-element_type=\"widget\" data-e-type=\"widget\" data-widget_type=\"heading.default\">\n\t\t\t\t<div class=\"elementor-widget-container\">\n\t\t\t\t\t<h2 class=\"elementor-heading-title elementor-size-default\">Instalaciones<\/h2>\t\t\t\t<\/div>\n\t\t\t\t<\/div>\n\t\t\t\t<div class=\"elementor-element elementor-element-552cf00 elementor-widget elementor-widget-text-editor\" data-id=\"552cf00\" data-element_type=\"widget\" data-e-type=\"widget\" data-widget_type=\"text-editor.default\">\n\t\t\t\t<div class=\"elementor-widget-container\">\n\t\t\t\t\t\t\t\t\t<p>Realizamos cualquier servicio de instalaci\u00f3n de tipo obra nueva o tambi\u00e9n de reforma.<\/p>\t\t\t\t\t\t\t\t<\/div>\n\t\t\t\t<\/div>\n\t\t\t\t\t<\/div>\n\t\t<\/div>\n\t\t\t\t<div class=\"elementor-column elementor-col-33 elementor-inner-column elementor-element elementor-element-0732226\" data-id=\"0732226\" data-element_type=\"column\" data-e-type=\"column\">\n\t\t\t<div class=\"elementor-widget-wrap elementor-element-populated\">\n\t\t\t\t\t\t<div class=\"elementor-element elementor-element-c5250d2 elementor-invisible elementor-widget elementor-widget-image\" data-id=\"c5250d2\" data-element_type=\"widget\" data-e-type=\"widget\" data-settings=\"{&quot;_animation&quot;:&quot;fadeInUp&quot;,&quot;_animation_tablet&quot;:&quot;none&quot;,&quot;_animation_mobile&quot;:&quot;none&quot;}\" data-widget_type=\"image.default\">\n\t\t\t\t<div class=\"elementor-widget-container\">\n\t\t\t\t\t\t\t\t\t\t\t\t\t\t\t<img decoding=\"async\" width=\"1000\" height=\"667\" src=\"https:\/\/www.climasip.es\/es\/wp-content\/uploads\/sites\/2\/instalacions-climasip.jpg\" class=\"attachment-large size-large wp-image-119\" alt=\"\" srcset=\"https:\/\/www.climasip.es\/es\/wp-content\/uploads\/sites\/2\/instalacions-climasip.jpg 1000w, https:\/\/www.climasip.es\/es\/wp-content\/uploads\/sites\/2\/instalacions-climasip-300x200.jpg 300w, https:\/\/www.climasip.es\/es\/wp-content\/uploads\/sites\/2\/instalacions-climasip-768x512.jpg 768w\" sizes=\"(max-width: 1000px) 100vw, 1000px\" \/>\t\t\t\t\t\t\t\t\t\t\t\t\t\t\t<\/div>\n\t\t\t\t<\/div>\n\t\t\t\t\t<\/div>\n\t\t<\/div>\n\t\t\t\t<div class=\"elementor-column elementor-col-33 elementor-inner-column elementor-element elementor-element-f798386 elementor-hidden-tablet elementor-hidden-phone\" data-id=\"f798386\" data-element_type=\"column\" data-e-type=\"column\">\n\t\t\t<div class=\"elementor-widget-wrap elementor-element-populated\">\n\t\t\t\t\t\t<div class=\"elementor-element elementor-element-4f16e2f elementor-widget elementor-widget-heading\" data-id=\"4f16e2f\" data-element_type=\"widget\" data-e-type=\"widget\" data-widget_type=\"heading.default\">\n\t\t\t\t<div class=\"elementor-widget-container\">\n\t\t\t\t\t<h2 class=\"elementor-heading-title elementor-size-default\">Servicio 24 horas<\/h2>\t\t\t\t<\/div>\n\t\t\t\t<\/div>\n\t\t\t\t<div class=\"elementor-element elementor-element-0ce0d36 elementor-widget elementor-widget-text-editor\" data-id=\"0ce0d36\" data-element_type=\"widget\" data-e-type=\"widget\" data-widget_type=\"text-editor.default\">\n\t\t\t\t<div class=\"elementor-widget-container\">\n\t\t\t\t\t\t\t\t\t<p>Tenemos un equipo de profesionales de guardia para atender cualquier urgencia las 24 horas del d\u00eda durante todos los d\u00edas del a\u00f1o, sin excepciones.<\/p>\t\t\t\t\t\t\t\t<\/div>\n\t\t\t\t<\/div>\n\t\t\t\t\t<\/div>\n\t\t<\/div>\n\t\t\t\t\t<\/div>\n\t\t<\/section>\n\t\t\t\t\t<\/div>\n\t\t<\/div>\n\t\t\t\t\t<\/div>\n\t\t<\/section>\n\t\t\t\t<section class=\"elementor-section elementor-top-section elementor-element elementor-element-d927eb2 elementor-section-content-middle elementor-section-boxed elementor-section-height-default elementor-section-height-default\" data-id=\"d927eb2\" data-element_type=\"section\" data-e-type=\"section\" data-settings=\"{&quot;background_background&quot;:&quot;classic&quot;,&quot;motion_fx_motion_fx_scrolling&quot;:&quot;yes&quot;,&quot;motion_fx_opacity_effect&quot;:&quot;yes&quot;,&quot;motion_fx_opacity_range&quot;:{&quot;unit&quot;:&quot;%&quot;,&quot;size&quot;:&quot;&quot;,&quot;sizes&quot;:{&quot;start&quot;:0,&quot;end&quot;:41}},&quot;motion_fx_devices&quot;:[&quot;desktop&quot;,&quot;tablet&quot;],&quot;motion_fx_opacity_direction&quot;:&quot;out-in&quot;,&quot;motion_fx_opacity_level&quot;:{&quot;unit&quot;:&quot;px&quot;,&quot;size&quot;:10,&quot;sizes&quot;:[]}}\">\n\t\t\t\t\t\t\t<div class=\"elementor-background-overlay\"><\/div>\n\t\t\t\t\t\t\t<div class=\"elementor-container elementor-column-gap-no\">\n\t\t\t\t\t<div class=\"elementor-column elementor-col-100 elementor-top-column elementor-element elementor-element-d904f17\" data-id=\"d904f17\" data-element_type=\"column\" data-e-type=\"column\">\n\t\t\t<div class=\"elementor-widget-wrap elementor-element-populated\">\n\t\t\t\t\t\t<div class=\"elementor-element elementor-element-5710dea elementor-widget elementor-widget-heading\" data-id=\"5710dea\" data-element_type=\"widget\" data-e-type=\"widget\" data-widget_type=\"heading.default\">\n\t\t\t\t<div class=\"elementor-widget-container\">\n\t\t\t\t\t<h4 class=\"elementor-heading-title elementor-size-default\">\u00a1Pide tu presupuesto!<\/h4>\t\t\t\t<\/div>\n\t\t\t\t<\/div>\n\t\t\t\t<div class=\"elementor-element elementor-element-5a6f3ba elementor-widget elementor-widget-heading\" data-id=\"5a6f3ba\" data-element_type=\"widget\" data-e-type=\"widget\" data-widget_type=\"heading.default\">\n\t\t\t\t<div class=\"elementor-widget-container\">\n\t\t\t\t\t<h5 class=\"elementor-heading-title elementor-size-default\">PUEDE PEDIR PRESUPUESTO SIN NING\u00daN TIPO DE COMPROMISO<\/h5>\t\t\t\t<\/div>\n\t\t\t\t<\/div>\n\t\t\t\t<div class=\"elementor-element elementor-element-4031f89 elementor-align-center elementor-widget elementor-widget-button\" data-id=\"4031f89\" data-element_type=\"widget\" data-e-type=\"widget\" data-widget_type=\"button.default\">\n\t\t\t\t<div class=\"elementor-widget-container\">\n\t\t\t\t\t\t\t\t\t<div class=\"elementor-button-wrapper\">\n\t\t\t\t\t<a class=\"elementor-button elementor-button-link elementor-size-sm\" href=\"https:\/\/www.climasip.es\/es\/pedir-presupuesto\/\">\n\t\t\t\t\t\t<span class=\"elementor-button-content-wrapper\">\n\t\t\t\t\t\t\t\t\t<span class=\"elementor-button-text\">Solicitar presupuesto<\/span>\n\t\t\t\t\t<\/span>\n\t\t\t\t\t<\/a>\n\t\t\t\t<\/div>\n\t\t\t\t\t\t\t\t<\/div>\n\t\t\t\t<\/div>\n\t\t\t\t\t<\/div>\n\t\t<\/div>\n\t\t\t\t\t<\/div>\n\t\t<\/section>\n\t\t\t\t<\/div>\n\t\t","protected":false},"excerpt":{"rendered":"<p>Reparaci\u00f3n y Mantenimento Apostamos de forma potente por el mantenimiento de cualquier tipo de servicios que nuestros clientes puedan requerir. Instalaciones Realizamos cualquier servicio de instalaci\u00f3n de tipo obra nueva o tambi\u00e9n de reforma. Servicio 24 horas Tenemos un equipo de profesionales de guardia para atender cualquier urgencia las 24 horas del d\u00eda durante todos &#8230; <a title=\"Servicios\" class=\"read-more\" href=\"https:\/\/www.climasip.es\/es\/servicios\/\" aria-label=\"Leer m\u00e1s sobre Servicios\">Leer m\u00e1s<\/a><\/p>\n","protected":false},"author":2,"featured_media":0,"parent":0,"menu_order":0,"comment_status":"closed","ping_status":"closed","template":"","meta":{"footnotes":""},"class_list":["post-19","page","type-page","status-publish"],"yoast_head":"<!-- This site is optimized with the Yoast SEO plugin v27.5 - https:\/\/yoast.com\/product\/yoast-seo-wordpress\/ -->\n<title>Servicios - CLIMASIP<\/title>\n<meta name=\"robots\" content=\"index, follow, max-snippet:-1, max-image-preview:large, max-video-preview:-1\" \/>\n<link rel=\"canonical\" href=\"https:\/\/www.climasip.es\/es\/servicios\/\" \/>\n<meta property=\"og:locale\" content=\"es_ES\" \/>\n<meta property=\"og:type\" content=\"article\" \/>\n<meta property=\"og:title\" content=\"Servicios - CLIMASIP\" \/>\n<meta property=\"og:description\" content=\"Reparaci\u00f3n y Mantenimento Apostamos de forma potente por el mantenimiento de cualquier tipo de servicios que nuestros clientes puedan requerir. Instalaciones Realizamos cualquier servicio de instalaci\u00f3n de tipo obra nueva o tambi\u00e9n de reforma. Servicio 24 horas Tenemos un equipo de profesionales de guardia para atender cualquier urgencia las 24 horas del d\u00eda durante todos ... Leer m\u00e1s\" \/>\n<meta property=\"og:url\" content=\"https:\/\/www.climasip.es\/es\/servicios\/\" \/>\n<meta property=\"og:site_name\" content=\"CLIMASIP\" \/>\n<meta property=\"article:modified_time\" content=\"2019-11-27T11:48:56+00:00\" \/>\n<meta property=\"og:image\" content=\"https:\/\/www.climasip.es\/es\/wp-content\/uploads\/sites\/2\/reparacio-manteniment.jpg\" \/>\n<meta name=\"twitter:card\" content=\"summary_large_image\" \/>\n<script type=\"application\/ld+json\" class=\"yoast-schema-graph\">{\"@context\":\"https:\\\/\\\/schema.org\",\"@graph\":[{\"@type\":\"WebPage\",\"@id\":\"https:\\\/\\\/www.climasip.es\\\/es\\\/servicios\\\/\",\"url\":\"https:\\\/\\\/www.climasip.es\\\/es\\\/servicios\\\/\",\"name\":\"Servicios - CLIMASIP\",\"isPartOf\":{\"@id\":\"https:\\\/\\\/www.climasip.es\\\/es\\\/#website\"},\"primaryImageOfPage\":{\"@id\":\"https:\\\/\\\/www.climasip.es\\\/es\\\/servicios\\\/#primaryimage\"},\"image\":{\"@id\":\"https:\\\/\\\/www.climasip.es\\\/es\\\/servicios\\\/#primaryimage\"},\"thumbnailUrl\":\"https:\\\/\\\/www.climasip.es\\\/es\\\/wp-content\\\/uploads\\\/sites\\\/2\\\/reparacio-manteniment.jpg\",\"datePublished\":\"2019-06-17T10:48:57+00:00\",\"dateModified\":\"2019-11-27T11:48:56+00:00\",\"breadcrumb\":{\"@id\":\"https:\\\/\\\/www.climasip.es\\\/es\\\/servicios\\\/#breadcrumb\"},\"inLanguage\":\"es\",\"potentialAction\":[{\"@type\":\"ReadAction\",\"target\":[\"https:\\\/\\\/www.climasip.es\\\/es\\\/servicios\\\/\"]}]},{\"@type\":\"ImageObject\",\"inLanguage\":\"es\",\"@id\":\"https:\\\/\\\/www.climasip.es\\\/es\\\/servicios\\\/#primaryimage\",\"url\":\"https:\\\/\\\/www.climasip.es\\\/es\\\/wp-content\\\/uploads\\\/sites\\\/2\\\/reparacio-manteniment.jpg\",\"contentUrl\":\"https:\\\/\\\/www.climasip.es\\\/es\\\/wp-content\\\/uploads\\\/sites\\\/2\\\/reparacio-manteniment.jpg\",\"width\":1000,\"height\":667},{\"@type\":\"BreadcrumbList\",\"@id\":\"https:\\\/\\\/www.climasip.es\\\/es\\\/servicios\\\/#breadcrumb\",\"itemListElement\":[{\"@type\":\"ListItem\",\"position\":1,\"name\":\"Inici\",\"item\":\"https:\\\/\\\/www.climasip.es\\\/es\\\/\"},{\"@type\":\"ListItem\",\"position\":2,\"name\":\"Servicios\"}]},{\"@type\":\"WebSite\",\"@id\":\"https:\\\/\\\/www.climasip.es\\\/es\\\/#website\",\"url\":\"https:\\\/\\\/www.climasip.es\\\/es\\\/\",\"name\":\"CLIMASIP\",\"description\":\"Climatitzaci\u00f3 i refrigeraci\u00f3 dom\u00e8stica, comercial i industrial.\",\"publisher\":{\"@id\":\"https:\\\/\\\/www.climasip.es\\\/es\\\/#organization\"},\"potentialAction\":[{\"@type\":\"SearchAction\",\"target\":{\"@type\":\"EntryPoint\",\"urlTemplate\":\"https:\\\/\\\/www.climasip.es\\\/es\\\/?s={search_term_string}\"},\"query-input\":{\"@type\":\"PropertyValueSpecification\",\"valueRequired\":true,\"valueName\":\"search_term_string\"}}],\"inLanguage\":\"es\"},{\"@type\":\"Organization\",\"@id\":\"https:\\\/\\\/www.climasip.es\\\/es\\\/#organization\",\"name\":\"CLIMASIP\",\"url\":\"https:\\\/\\\/www.climasip.es\\\/es\\\/\",\"logo\":{\"@type\":\"ImageObject\",\"inLanguage\":\"es\",\"@id\":\"https:\\\/\\\/www.climasip.es\\\/es\\\/#\\\/schema\\\/logo\\\/image\\\/\",\"url\":\"https:\\\/\\\/www.climasip.es\\\/es\\\/wp-content\\\/uploads\\\/sites\\\/2\\\/logo-climasip-n.jpg\",\"contentUrl\":\"https:\\\/\\\/www.climasip.es\\\/es\\\/wp-content\\\/uploads\\\/sites\\\/2\\\/logo-climasip-n.jpg\",\"width\":1000,\"height\":377,\"caption\":\"CLIMASIP\"},\"image\":{\"@id\":\"https:\\\/\\\/www.climasip.es\\\/es\\\/#\\\/schema\\\/logo\\\/image\\\/\"}}]}<\/script>\n<!-- \/ Yoast SEO plugin. -->","yoast_head_json":{"title":"Servicios - CLIMASIP","robots":{"index":"index","follow":"follow","max-snippet":"max-snippet:-1","max-image-preview":"max-image-preview:large","max-video-preview":"max-video-preview:-1"},"canonical":"https:\/\/www.climasip.es\/es\/servicios\/","og_locale":"es_ES","og_type":"article","og_title":"Servicios - CLIMASIP","og_description":"Reparaci\u00f3n y Mantenimento Apostamos de forma potente por el mantenimiento de cualquier tipo de servicios que nuestros clientes puedan requerir. Instalaciones Realizamos cualquier servicio de instalaci\u00f3n de tipo obra nueva o tambi\u00e9n de reforma. Servicio 24 horas Tenemos un equipo de profesionales de guardia para atender cualquier urgencia las 24 horas del d\u00eda durante todos ... Leer m\u00e1s","og_url":"https:\/\/www.climasip.es\/es\/servicios\/","og_site_name":"CLIMASIP","article_modified_time":"2019-11-27T11:48:56+00:00","og_image":[{"url":"https:\/\/www.climasip.es\/es\/wp-content\/uploads\/sites\/2\/reparacio-manteniment.jpg","type":"","width":"","height":""}],"twitter_card":"summary_large_image","schema":{"@context":"https:\/\/schema.org","@graph":[{"@type":"WebPage","@id":"https:\/\/www.climasip.es\/es\/servicios\/","url":"https:\/\/www.climasip.es\/es\/servicios\/","name":"Servicios - CLIMASIP","isPartOf":{"@id":"https:\/\/www.climasip.es\/es\/#website"},"primaryImageOfPage":{"@id":"https:\/\/www.climasip.es\/es\/servicios\/#primaryimage"},"image":{"@id":"https:\/\/www.climasip.es\/es\/servicios\/#primaryimage"},"thumbnailUrl":"https:\/\/www.climasip.es\/es\/wp-content\/uploads\/sites\/2\/reparacio-manteniment.jpg","datePublished":"2019-06-17T10:48:57+00:00","dateModified":"2019-11-27T11:48:56+00:00","breadcrumb":{"@id":"https:\/\/www.climasip.es\/es\/servicios\/#breadcrumb"},"inLanguage":"es","potentialAction":[{"@type":"ReadAction","target":["https:\/\/www.climasip.es\/es\/servicios\/"]}]},{"@type":"ImageObject","inLanguage":"es","@id":"https:\/\/www.climasip.es\/es\/servicios\/#primaryimage","url":"https:\/\/www.climasip.es\/es\/wp-content\/uploads\/sites\/2\/reparacio-manteniment.jpg","contentUrl":"https:\/\/www.climasip.es\/es\/wp-content\/uploads\/sites\/2\/reparacio-manteniment.jpg","width":1000,"height":667},{"@type":"BreadcrumbList","@id":"https:\/\/www.climasip.es\/es\/servicios\/#breadcrumb","itemListElement":[{"@type":"ListItem","position":1,"name":"Inici","item":"https:\/\/www.climasip.es\/es\/"},{"@type":"ListItem","position":2,"name":"Servicios"}]},{"@type":"WebSite","@id":"https:\/\/www.climasip.es\/es\/#website","url":"https:\/\/www.climasip.es\/es\/","name":"CLIMASIP","description":"Climatitzaci\u00f3 i refrigeraci\u00f3 dom\u00e8stica, comercial i industrial.","publisher":{"@id":"https:\/\/www.climasip.es\/es\/#organization"},"potentialAction":[{"@type":"SearchAction","target":{"@type":"EntryPoint","urlTemplate":"https:\/\/www.climasip.es\/es\/?s={search_term_string}"},"query-input":{"@type":"PropertyValueSpecification","valueRequired":true,"valueName":"search_term_string"}}],"inLanguage":"es"},{"@type":"Organization","@id":"https:\/\/www.climasip.es\/es\/#organization","name":"CLIMASIP","url":"https:\/\/www.climasip.es\/es\/","logo":{"@type":"ImageObject","inLanguage":"es","@id":"https:\/\/www.climasip.es\/es\/#\/schema\/logo\/image\/","url":"https:\/\/www.climasip.es\/es\/wp-content\/uploads\/sites\/2\/logo-climasip-n.jpg","contentUrl":"https:\/\/www.climasip.es\/es\/wp-content\/uploads\/sites\/2\/logo-climasip-n.jpg","width":1000,"height":377,"caption":"CLIMASIP"},"image":{"@id":"https:\/\/www.climasip.es\/es\/#\/schema\/logo\/image\/"}}]}},"_links":{"self":[{"href":"https:\/\/www.climasip.es\/es\/wp-json\/wp\/v2\/pages\/19","targetHints":{"allow":["GET"]}}],"collection":[{"href":"https:\/\/www.climasip.es\/es\/wp-json\/wp\/v2\/pages"}],"about":[{"href":"https:\/\/www.climasip.es\/es\/wp-json\/wp\/v2\/types\/page"}],"author":[{"embeddable":true,"href":"https:\/\/www.climasip.es\/es\/wp-json\/wp\/v2\/users\/2"}],"replies":[{"embeddable":true,"href":"https:\/\/www.climasip.es\/es\/wp-json\/wp\/v2\/comments?post=19"}],"version-history":[{"count":7,"href":"https:\/\/www.climasip.es\/es\/wp-json\/wp\/v2\/pages\/19\/revisions"}],"predecessor-version":[{"id":485,"href":"https:\/\/www.climasip.es\/es\/wp-json\/wp\/v2\/pages\/19\/revisions\/485"}],"wp:attachment":[{"href":"https:\/\/www.climasip.es\/es\/wp-json\/wp\/v2\/media?parent=19"}],"curies":[{"name":"wp","href":"https:\/\/api.w.org\/{rel}","templated":true}]}}