{"id":146,"date":"2019-06-28T06:40:52","date_gmt":"2019-06-28T06:40:52","guid":{"rendered":"http:\/\/www.climasip.es\/?page_id=146"},"modified":"2019-11-27T11:51:45","modified_gmt":"2019-11-27T11:51:45","slug":"reparacion-y-mantenimento","status":"publish","type":"page","link":"https:\/\/www.climasip.es\/es\/servicios\/reparacion-y-mantenimento\/","title":{"rendered":"Reparaci\u00f3n y mantenimento"},"content":{"rendered":"\t\t<div data-elementor-type=\"wp-post\" data-elementor-id=\"146\" class=\"elementor elementor-146\" data-elementor-post-type=\"page\">\n\t\t\t\t\t\t<section class=\"elementor-section elementor-top-section elementor-element elementor-element-2e1d8bd elementor-section-full_width elementor-section-height-min-height elementor-section-height-default elementor-section-items-middle\" data-id=\"2e1d8bd\" data-element_type=\"section\" data-e-type=\"section\" data-settings=\"{&quot;background_background&quot;:&quot;classic&quot;}\">\n\t\t\t\t\t\t<div class=\"elementor-container elementor-column-gap-default\">\n\t\t\t\t\t<div class=\"elementor-column elementor-col-100 elementor-top-column elementor-element elementor-element-f852bec\" data-id=\"f852bec\" data-element_type=\"column\" data-e-type=\"column\">\n\t\t\t<div class=\"elementor-widget-wrap elementor-element-populated\">\n\t\t\t\t\t\t<div class=\"elementor-element elementor-element-d710e87 elementor-widget elementor-widget-spacer\" data-id=\"d710e87\" data-element_type=\"widget\" data-e-type=\"widget\" data-widget_type=\"spacer.default\">\n\t\t\t\t<div class=\"elementor-widget-container\">\n\t\t\t\t\t\t\t<div class=\"elementor-spacer\">\n\t\t\t<div class=\"elementor-spacer-inner\"><\/div>\n\t\t<\/div>\n\t\t\t\t\t\t<\/div>\n\t\t\t\t<\/div>\n\t\t\t\t\t<\/div>\n\t\t<\/div>\n\t\t\t\t\t<\/div>\n\t\t<\/section>\n\t\t\t\t<section class=\"elementor-section elementor-top-section elementor-element elementor-element-a6f4740 elementor-section-height-min-height elementor-section-boxed elementor-section-height-default elementor-section-items-middle\" data-id=\"a6f4740\" data-element_type=\"section\" data-e-type=\"section\" data-settings=\"{&quot;background_background&quot;:&quot;classic&quot;}\">\n\t\t\t\t\t\t<div class=\"elementor-container elementor-column-gap-default\">\n\t\t\t\t\t<div class=\"elementor-column elementor-col-50 elementor-top-column elementor-element elementor-element-0b8315c\" data-id=\"0b8315c\" data-element_type=\"column\" data-e-type=\"column\">\n\t\t\t<div class=\"elementor-widget-wrap elementor-element-populated\">\n\t\t\t\t\t\t<div class=\"elementor-element elementor-element-de9504e elementor-widget elementor-widget-theme-post-title elementor-page-title elementor-widget-heading\" data-id=\"de9504e\" data-element_type=\"widget\" data-e-type=\"widget\" data-widget_type=\"theme-post-title.default\">\n\t\t\t\t<div class=\"elementor-widget-container\">\n\t\t\t\t\t<h1 class=\"elementor-heading-title elementor-size-default\">Reparaci\u00f3n y mantenimento<\/h1>\t\t\t\t<\/div>\n\t\t\t\t<\/div>\n\t\t\t\t\t<\/div>\n\t\t<\/div>\n\t\t\t\t<div class=\"elementor-column elementor-col-50 elementor-top-column elementor-element elementor-element-7740554 elementor-hidden-phone\" data-id=\"7740554\" data-element_type=\"column\" data-e-type=\"column\">\n\t\t\t<div class=\"elementor-widget-wrap elementor-element-populated\">\n\t\t\t\t\t\t<div class=\"elementor-element elementor-element-706dc7b elementor-align-right elementor-widget elementor-widget-breadcrumbs\" data-id=\"706dc7b\" data-element_type=\"widget\" data-e-type=\"widget\" data-widget_type=\"breadcrumbs.default\">\n\t\t\t\t<div class=\"elementor-widget-container\">\n\t\t\t\t\t<p id=\"breadcrumbs\"><span><span><a href=\"https:\/\/www.climasip.es\/es\/\">Inici<\/a><\/span><\/span><\/p>\t\t\t\t<\/div>\n\t\t\t\t<\/div>\n\t\t\t\t\t<\/div>\n\t\t<\/div>\n\t\t\t\t\t<\/div>\n\t\t<\/section>\n\t\t\t\t<section class=\"elementor-section elementor-top-section elementor-element elementor-element-ab0d8f2 elementor-section-boxed elementor-section-height-default elementor-section-height-default\" data-id=\"ab0d8f2\" data-element_type=\"section\" data-e-type=\"section\">\n\t\t\t\t\t\t<div class=\"elementor-container elementor-column-gap-default\">\n\t\t\t\t\t<div class=\"elementor-column elementor-col-100 elementor-top-column elementor-element elementor-element-a4ba55b\" data-id=\"a4ba55b\" data-element_type=\"column\" data-e-type=\"column\">\n\t\t\t<div class=\"elementor-widget-wrap elementor-element-populated\">\n\t\t\t\t\t\t<div class=\"elementor-element elementor-element-156f663 elementor-widget elementor-widget-text-editor\" data-id=\"156f663\" data-element_type=\"widget\" data-e-type=\"widget\" data-widget_type=\"text-editor.default\">\n\t\t\t\t<div class=\"elementor-widget-container\">\n\t\t\t\t\t\t\t\t\t<p>A <strong>CLIMASIP<\/strong> somos especialistas en reparaci\u00f3n y mantenimiento de cualquier tipo de servicios que nuestros clientes puedan requerir.<br \/>Realizamos todo tipo de mantenimientos y lo hacemos siguiendo rigurosos planes de estudio previo.<br \/>Sabemos que de la calidad del mantenimiento depende siempre el rendimiento y buen funcionamiento de una instalaci\u00f3n, por este motivo dedicamos todo nuestro esfuerzo y dedicaci\u00f3n. <br \/>Ofrecemos todo tipo de mantenimientos:<\/p>\t\t\t\t\t\t\t\t<\/div>\n\t\t\t\t<\/div>\n\t\t\t\t\t<\/div>\n\t\t<\/div>\n\t\t\t\t\t<\/div>\n\t\t<\/section>\n\t\t\t\t<section class=\"elementor-section elementor-top-section elementor-element elementor-element-695db00 elementor-section-boxed elementor-section-height-default elementor-section-height-default\" data-id=\"695db00\" data-element_type=\"section\" data-e-type=\"section\">\n\t\t\t\t\t\t<div class=\"elementor-container elementor-column-gap-default\">\n\t\t\t\t\t<div class=\"elementor-column elementor-col-50 elementor-top-column elementor-element elementor-element-72e0d95\" data-id=\"72e0d95\" data-element_type=\"column\" data-e-type=\"column\">\n\t\t\t<div class=\"elementor-widget-wrap elementor-element-populated\">\n\t\t\t\t\t\t<div class=\"elementor-element elementor-element-75266a0 elementor-widget elementor-widget-text-editor\" data-id=\"75266a0\" data-element_type=\"widget\" data-e-type=\"widget\" data-widget_type=\"text-editor.default\">\n\t\t\t\t<div class=\"elementor-widget-container\">\n\t\t\t\t\t\t\t\t\t<p><strong>Mantenimiento Normativo:<\/strong><\/p><ul><li>Inspecciones obligatorias que se tienen que hacer de acuerdo con la legislaci\u00f3n vigente aplicable a cada tipo de instalaci\u00f3n.<\/li><\/ul><p><strong>Mantenimiento Preventivo:<\/strong><\/p><ul><li>Operaciones peri\u00f3dicas donde el objetivo es conseguir minimizar el n\u00famero de aver\u00edas reposando algunos elementos antes de que lleguen al final de su vida \u00fatil y puedan afectar el rendimiento y la eficiencia energ\u00e9tica de la instalaci\u00f3n.<\/li><\/ul><p><strong>Mantenimiento Conductivo:<\/strong><\/p><ul><li>Puesta en marcha, conducci\u00f3n y parada de las instalaciones.<\/li><\/ul>\t\t\t\t\t\t\t\t<\/div>\n\t\t\t\t<\/div>\n\t\t\t\t\t<\/div>\n\t\t<\/div>\n\t\t\t\t<div class=\"elementor-column elementor-col-50 elementor-top-column elementor-element elementor-element-1a44d34\" data-id=\"1a44d34\" data-element_type=\"column\" data-e-type=\"column\">\n\t\t\t<div class=\"elementor-widget-wrap elementor-element-populated\">\n\t\t\t\t\t\t<div class=\"elementor-element elementor-element-031e6c3 elementor-widget elementor-widget-text-editor\" data-id=\"031e6c3\" data-element_type=\"widget\" data-e-type=\"widget\" data-widget_type=\"text-editor.default\">\n\t\t\t\t<div class=\"elementor-widget-container\">\n\t\t\t\t\t\t\t\t\t<p><strong>Mantenimiento Predictivo:<\/strong><\/p><ul><li>Detecci\u00f3n de posibles anomal\u00edas antes de que se produzcan.<\/li><\/ul><p><strong>Mantenimiento Correctivo:<\/strong><\/p><ul><li>Reparaci\u00f3n de aver\u00edas.<\/li><li>Ejecuci\u00f3n de trabajos de adecuaci\u00f3n, reforma y \/ o mejora.<\/li><li>Servicio Urgente de Mantenimiento, servicio de atenci\u00f3n permanente las 24 horas del d\u00eda durante todo el a\u00f1o.<\/li><li>Acompa\u00f1ar a los t\u00e9cnicos de las entidades oficiales encargadas de realizar las inspecciones peri\u00f3dicas obligatorias.<\/li><li>Desarrollo de diagn\u00f3sticos sobre el estado de las instalaciones.<\/li><li>Realizaci\u00f3n de auditor\u00edas energ\u00e9ticas.<\/li><\/ul>\t\t\t\t\t\t\t\t<\/div>\n\t\t\t\t<\/div>\n\t\t\t\t\t<\/div>\n\t\t<\/div>\n\t\t\t\t\t<\/div>\n\t\t<\/section>\n\t\t\t\t<\/div>\n\t\t","protected":false},"excerpt":{"rendered":"<p>A CLIMASIP somos especialistas en reparaci\u00f3n y mantenimiento de cualquier tipo de servicios que nuestros clientes puedan requerir. Realizamos todo tipo de mantenimientos y lo hacemos siguiendo rigurosos planes de estudio previo. Sabemos que de la calidad del mantenimiento depende siempre el rendimiento y buen funcionamiento de una instalaci\u00f3n, por este motivo dedicamos todo nuestro &#8230; <a title=\"Reparaci\u00f3n y mantenimento\" class=\"read-more\" href=\"https:\/\/www.climasip.es\/es\/servicios\/reparacion-y-mantenimento\/\" aria-label=\"Leer m\u00e1s sobre Reparaci\u00f3n y mantenimento\">Leer m\u00e1s<\/a><\/p>\n","protected":false},"author":1,"featured_media":0,"parent":19,"menu_order":0,"comment_status":"closed","ping_status":"closed","template":"","meta":{"footnotes":""},"class_list":["post-146","page","type-page","status-publish"],"yoast_head":"<!-- This site is optimized with the Yoast SEO plugin v27.5 - https:\/\/yoast.com\/product\/yoast-seo-wordpress\/ -->\n<title>Reparaci\u00f3n y mantenimento - CLIMASIP<\/title>\n<meta name=\"robots\" content=\"index, follow, max-snippet:-1, max-image-preview:large, max-video-preview:-1\" \/>\n<link rel=\"canonical\" href=\"https:\/\/www.climasip.es\/es\/servicios\/reparacion-y-mantenimento\/\" \/>\n<meta property=\"og:locale\" content=\"es_ES\" \/>\n<meta property=\"og:type\" content=\"article\" \/>\n<meta property=\"og:title\" content=\"Reparaci\u00f3n y mantenimento - CLIMASIP\" \/>\n<meta property=\"og:description\" content=\"A CLIMASIP somos especialistas en reparaci\u00f3n y mantenimiento de cualquier tipo de servicios que nuestros clientes puedan requerir. Realizamos todo tipo de mantenimientos y lo hacemos siguiendo rigurosos planes de estudio previo. Sabemos que de la calidad del mantenimiento depende siempre el rendimiento y buen funcionamiento de una instalaci\u00f3n, por este motivo dedicamos todo nuestro ... Leer m\u00e1s\" \/>\n<meta property=\"og:url\" content=\"https:\/\/www.climasip.es\/es\/servicios\/reparacion-y-mantenimento\/\" \/>\n<meta property=\"og:site_name\" content=\"CLIMASIP\" \/>\n<meta property=\"article:modified_time\" content=\"2019-11-27T11:51:45+00:00\" \/>\n<meta name=\"twitter:card\" content=\"summary_large_image\" \/>\n<meta name=\"twitter:label1\" content=\"Tiempo de lectura\" \/>\n\t<meta name=\"twitter:data1\" content=\"1 minuto\" \/>\n<script type=\"application\/ld+json\" class=\"yoast-schema-graph\">{\"@context\":\"https:\\\/\\\/schema.org\",\"@graph\":[{\"@type\":\"WebPage\",\"@id\":\"https:\\\/\\\/www.climasip.es\\\/es\\\/servicios\\\/reparacion-y-mantenimento\\\/\",\"url\":\"https:\\\/\\\/www.climasip.es\\\/es\\\/servicios\\\/reparacion-y-mantenimento\\\/\",\"name\":\"Reparaci\u00f3n y mantenimento - CLIMASIP\",\"isPartOf\":{\"@id\":\"https:\\\/\\\/www.climasip.es\\\/es\\\/#website\"},\"datePublished\":\"2019-06-28T06:40:52+00:00\",\"dateModified\":\"2019-11-27T11:51:45+00:00\",\"breadcrumb\":{\"@id\":\"https:\\\/\\\/www.climasip.es\\\/es\\\/servicios\\\/reparacion-y-mantenimento\\\/#breadcrumb\"},\"inLanguage\":\"es\",\"potentialAction\":[{\"@type\":\"ReadAction\",\"target\":[\"https:\\\/\\\/www.climasip.es\\\/es\\\/servicios\\\/reparacion-y-mantenimento\\\/\"]}]},{\"@type\":\"BreadcrumbList\",\"@id\":\"https:\\\/\\\/www.climasip.es\\\/es\\\/servicios\\\/reparacion-y-mantenimento\\\/#breadcrumb\",\"itemListElement\":[{\"@type\":\"ListItem\",\"position\":1,\"name\":\"Inici\",\"item\":\"https:\\\/\\\/www.climasip.es\\\/es\\\/\"},{\"@type\":\"ListItem\",\"position\":2,\"name\":\"Servicios\",\"item\":\"https:\\\/\\\/www.climasip.es\\\/es\\\/servicios\\\/\"},{\"@type\":\"ListItem\",\"position\":3,\"name\":\"Reparaci\u00f3n y mantenimento\"}]},{\"@type\":\"WebSite\",\"@id\":\"https:\\\/\\\/www.climasip.es\\\/es\\\/#website\",\"url\":\"https:\\\/\\\/www.climasip.es\\\/es\\\/\",\"name\":\"CLIMASIP\",\"description\":\"Climatitzaci\u00f3 i refrigeraci\u00f3 dom\u00e8stica, comercial i industrial.\",\"publisher\":{\"@id\":\"https:\\\/\\\/www.climasip.es\\\/es\\\/#organization\"},\"potentialAction\":[{\"@type\":\"SearchAction\",\"target\":{\"@type\":\"EntryPoint\",\"urlTemplate\":\"https:\\\/\\\/www.climasip.es\\\/es\\\/?s={search_term_string}\"},\"query-input\":{\"@type\":\"PropertyValueSpecification\",\"valueRequired\":true,\"valueName\":\"search_term_string\"}}],\"inLanguage\":\"es\"},{\"@type\":\"Organization\",\"@id\":\"https:\\\/\\\/www.climasip.es\\\/es\\\/#organization\",\"name\":\"CLIMASIP\",\"url\":\"https:\\\/\\\/www.climasip.es\\\/es\\\/\",\"logo\":{\"@type\":\"ImageObject\",\"inLanguage\":\"es\",\"@id\":\"https:\\\/\\\/www.climasip.es\\\/es\\\/#\\\/schema\\\/logo\\\/image\\\/\",\"url\":\"https:\\\/\\\/www.climasip.es\\\/es\\\/wp-content\\\/uploads\\\/sites\\\/2\\\/logo-climasip-n.jpg\",\"contentUrl\":\"https:\\\/\\\/www.climasip.es\\\/es\\\/wp-content\\\/uploads\\\/sites\\\/2\\\/logo-climasip-n.jpg\",\"width\":1000,\"height\":377,\"caption\":\"CLIMASIP\"},\"image\":{\"@id\":\"https:\\\/\\\/www.climasip.es\\\/es\\\/#\\\/schema\\\/logo\\\/image\\\/\"}}]}<\/script>\n<!-- \/ Yoast SEO plugin. -->","yoast_head_json":{"title":"Reparaci\u00f3n y mantenimento - CLIMASIP","robots":{"index":"index","follow":"follow","max-snippet":"max-snippet:-1","max-image-preview":"max-image-preview:large","max-video-preview":"max-video-preview:-1"},"canonical":"https:\/\/www.climasip.es\/es\/servicios\/reparacion-y-mantenimento\/","og_locale":"es_ES","og_type":"article","og_title":"Reparaci\u00f3n y mantenimento - CLIMASIP","og_description":"A CLIMASIP somos especialistas en reparaci\u00f3n y mantenimiento de cualquier tipo de servicios que nuestros clientes puedan requerir. Realizamos todo tipo de mantenimientos y lo hacemos siguiendo rigurosos planes de estudio previo. Sabemos que de la calidad del mantenimiento depende siempre el rendimiento y buen funcionamiento de una instalaci\u00f3n, por este motivo dedicamos todo nuestro ... Leer m\u00e1s","og_url":"https:\/\/www.climasip.es\/es\/servicios\/reparacion-y-mantenimento\/","og_site_name":"CLIMASIP","article_modified_time":"2019-11-27T11:51:45+00:00","twitter_card":"summary_large_image","twitter_misc":{"Tiempo de lectura":"1 minuto"},"schema":{"@context":"https:\/\/schema.org","@graph":[{"@type":"WebPage","@id":"https:\/\/www.climasip.es\/es\/servicios\/reparacion-y-mantenimento\/","url":"https:\/\/www.climasip.es\/es\/servicios\/reparacion-y-mantenimento\/","name":"Reparaci\u00f3n y mantenimento - CLIMASIP","isPartOf":{"@id":"https:\/\/www.climasip.es\/es\/#website"},"datePublished":"2019-06-28T06:40:52+00:00","dateModified":"2019-11-27T11:51:45+00:00","breadcrumb":{"@id":"https:\/\/www.climasip.es\/es\/servicios\/reparacion-y-mantenimento\/#breadcrumb"},"inLanguage":"es","potentialAction":[{"@type":"ReadAction","target":["https:\/\/www.climasip.es\/es\/servicios\/reparacion-y-mantenimento\/"]}]},{"@type":"BreadcrumbList","@id":"https:\/\/www.climasip.es\/es\/servicios\/reparacion-y-mantenimento\/#breadcrumb","itemListElement":[{"@type":"ListItem","position":1,"name":"Inici","item":"https:\/\/www.climasip.es\/es\/"},{"@type":"ListItem","position":2,"name":"Servicios","item":"https:\/\/www.climasip.es\/es\/servicios\/"},{"@type":"ListItem","position":3,"name":"Reparaci\u00f3n y mantenimento"}]},{"@type":"WebSite","@id":"https:\/\/www.climasip.es\/es\/#website","url":"https:\/\/www.climasip.es\/es\/","name":"CLIMASIP","description":"Climatitzaci\u00f3 i refrigeraci\u00f3 dom\u00e8stica, comercial i industrial.","publisher":{"@id":"https:\/\/www.climasip.es\/es\/#organization"},"potentialAction":[{"@type":"SearchAction","target":{"@type":"EntryPoint","urlTemplate":"https:\/\/www.climasip.es\/es\/?s={search_term_string}"},"query-input":{"@type":"PropertyValueSpecification","valueRequired":true,"valueName":"search_term_string"}}],"inLanguage":"es"},{"@type":"Organization","@id":"https:\/\/www.climasip.es\/es\/#organization","name":"CLIMASIP","url":"https:\/\/www.climasip.es\/es\/","logo":{"@type":"ImageObject","inLanguage":"es","@id":"https:\/\/www.climasip.es\/es\/#\/schema\/logo\/image\/","url":"https:\/\/www.climasip.es\/es\/wp-content\/uploads\/sites\/2\/logo-climasip-n.jpg","contentUrl":"https:\/\/www.climasip.es\/es\/wp-content\/uploads\/sites\/2\/logo-climasip-n.jpg","width":1000,"height":377,"caption":"CLIMASIP"},"image":{"@id":"https:\/\/www.climasip.es\/es\/#\/schema\/logo\/image\/"}}]}},"_links":{"self":[{"href":"https:\/\/www.climasip.es\/es\/wp-json\/wp\/v2\/pages\/146","targetHints":{"allow":["GET"]}}],"collection":[{"href":"https:\/\/www.climasip.es\/es\/wp-json\/wp\/v2\/pages"}],"about":[{"href":"https:\/\/www.climasip.es\/es\/wp-json\/wp\/v2\/types\/page"}],"author":[{"embeddable":true,"href":"https:\/\/www.climasip.es\/es\/wp-json\/wp\/v2\/users\/1"}],"replies":[{"embeddable":true,"href":"https:\/\/www.climasip.es\/es\/wp-json\/wp\/v2\/comments?post=146"}],"version-history":[{"count":8,"href":"https:\/\/www.climasip.es\/es\/wp-json\/wp\/v2\/pages\/146\/revisions"}],"predecessor-version":[{"id":488,"href":"https:\/\/www.climasip.es\/es\/wp-json\/wp\/v2\/pages\/146\/revisions\/488"}],"up":[{"embeddable":true,"href":"https:\/\/www.climasip.es\/es\/wp-json\/wp\/v2\/pages\/19"}],"wp:attachment":[{"href":"https:\/\/www.climasip.es\/es\/wp-json\/wp\/v2\/media?parent=146"}],"curies":[{"name":"wp","href":"https:\/\/api.w.org\/{rel}","templated":true}]}}