{"id":144,"date":"2019-06-28T06:40:38","date_gmt":"2019-06-28T06:40:38","guid":{"rendered":"http:\/\/www.climasip.es\/?page_id=144"},"modified":"2019-11-27T11:50:40","modified_gmt":"2019-11-27T11:50:40","slug":"instalaciones","status":"publish","type":"page","link":"https:\/\/www.climasip.es\/es\/servicios\/instalaciones\/","title":{"rendered":"Instalaciones"},"content":{"rendered":"\t\t<div data-elementor-type=\"wp-post\" data-elementor-id=\"144\" class=\"elementor elementor-144\" data-elementor-post-type=\"page\">\n\t\t\t\t\t\t<section class=\"elementor-section elementor-top-section elementor-element elementor-element-6b7245e elementor-section-full_width elementor-section-height-min-height elementor-section-height-default elementor-section-items-middle\" data-id=\"6b7245e\" data-element_type=\"section\" data-e-type=\"section\" data-settings=\"{&quot;background_background&quot;:&quot;classic&quot;}\">\n\t\t\t\t\t\t<div class=\"elementor-container elementor-column-gap-default\">\n\t\t\t\t\t<div class=\"elementor-column elementor-col-100 elementor-top-column elementor-element elementor-element-d8f6f96\" data-id=\"d8f6f96\" data-element_type=\"column\" data-e-type=\"column\">\n\t\t\t<div class=\"elementor-widget-wrap elementor-element-populated\">\n\t\t\t\t\t\t<div class=\"elementor-element elementor-element-5b6f223 elementor-widget elementor-widget-spacer\" data-id=\"5b6f223\" data-element_type=\"widget\" data-e-type=\"widget\" data-widget_type=\"spacer.default\">\n\t\t\t\t<div class=\"elementor-widget-container\">\n\t\t\t\t\t\t\t<div class=\"elementor-spacer\">\n\t\t\t<div class=\"elementor-spacer-inner\"><\/div>\n\t\t<\/div>\n\t\t\t\t\t\t<\/div>\n\t\t\t\t<\/div>\n\t\t\t\t\t<\/div>\n\t\t<\/div>\n\t\t\t\t\t<\/div>\n\t\t<\/section>\n\t\t\t\t<section class=\"elementor-section elementor-top-section elementor-element elementor-element-d2e2bdd elementor-section-boxed elementor-section-height-default elementor-section-height-default\" data-id=\"d2e2bdd\" data-element_type=\"section\" data-e-type=\"section\" data-settings=\"{&quot;background_background&quot;:&quot;classic&quot;}\">\n\t\t\t\t\t\t<div class=\"elementor-container elementor-column-gap-wider\">\n\t\t\t\t\t<div class=\"elementor-column elementor-col-50 elementor-top-column elementor-element elementor-element-9b00ff8\" data-id=\"9b00ff8\" data-element_type=\"column\" data-e-type=\"column\">\n\t\t\t<div class=\"elementor-widget-wrap elementor-element-populated\">\n\t\t\t\t\t\t<div class=\"elementor-element elementor-element-698f964 elementor-widget elementor-widget-theme-post-title elementor-page-title elementor-widget-heading\" data-id=\"698f964\" data-element_type=\"widget\" data-e-type=\"widget\" data-widget_type=\"theme-post-title.default\">\n\t\t\t\t<div class=\"elementor-widget-container\">\n\t\t\t\t\t<h1 class=\"elementor-heading-title elementor-size-default\">Instalaciones<\/h1>\t\t\t\t<\/div>\n\t\t\t\t<\/div>\n\t\t\t\t\t<\/div>\n\t\t<\/div>\n\t\t\t\t<div class=\"elementor-column elementor-col-50 elementor-top-column elementor-element elementor-element-b6f47c8 elementor-hidden-phone\" data-id=\"b6f47c8\" data-element_type=\"column\" data-e-type=\"column\">\n\t\t\t<div class=\"elementor-widget-wrap elementor-element-populated\">\n\t\t\t\t\t\t<div class=\"elementor-element elementor-element-dd5f400 elementor-align-right elementor-widget elementor-widget-breadcrumbs\" data-id=\"dd5f400\" data-element_type=\"widget\" data-e-type=\"widget\" data-widget_type=\"breadcrumbs.default\">\n\t\t\t\t<div class=\"elementor-widget-container\">\n\t\t\t\t\t<p id=\"breadcrumbs\"><span><span><a href=\"https:\/\/www.climasip.es\/es\/\">Inici<\/a><\/span><\/span><\/p>\t\t\t\t<\/div>\n\t\t\t\t<\/div>\n\t\t\t\t\t<\/div>\n\t\t<\/div>\n\t\t\t\t\t<\/div>\n\t\t<\/section>\n\t\t\t\t<section class=\"elementor-section elementor-top-section elementor-element elementor-element-83bf49d elementor-section-boxed elementor-section-height-default elementor-section-height-default\" data-id=\"83bf49d\" data-element_type=\"section\" data-e-type=\"section\">\n\t\t\t\t\t\t<div class=\"elementor-container elementor-column-gap-wide\">\n\t\t\t\t\t<div class=\"elementor-column elementor-col-100 elementor-top-column elementor-element elementor-element-cd173bd\" data-id=\"cd173bd\" data-element_type=\"column\" data-e-type=\"column\">\n\t\t\t<div class=\"elementor-widget-wrap elementor-element-populated\">\n\t\t\t\t\t\t<div class=\"elementor-element elementor-element-1e4db56 elementor-widget elementor-widget-text-editor\" data-id=\"1e4db56\" data-element_type=\"widget\" data-e-type=\"widget\" data-widget_type=\"text-editor.default\">\n\t\t\t\t<div class=\"elementor-widget-container\">\n\t\t\t\t\t\t\t\t\t<p>En\u00a0<strong>CLIMASIP<\/strong>\u00a0realizamos cualquier tipo de instalaciones de obra nueva, de reforma y de ampliaci\u00f3n de las existentes. Adem\u00e1s, disponemos de un departamento t\u00e9cnico para aconsejar y estudiar las necesidades de nuestros clientes para poder obtener el mejor resultado final calidad-precio. Somos\u00a0<strong>especialistas<\/strong>\u00a0en los siguientes \u00e1mbitos:<\/p>\t\t\t\t\t\t\t\t<\/div>\n\t\t\t\t<\/div>\n\t\t\t\t<div class=\"elementor-element elementor-element-3a59b1b elementor-icon-list--layout-traditional elementor-list-item-link-full_width elementor-widget elementor-widget-icon-list\" data-id=\"3a59b1b\" data-element_type=\"widget\" data-e-type=\"widget\" data-widget_type=\"icon-list.default\">\n\t\t\t\t<div class=\"elementor-widget-container\">\n\t\t\t\t\t\t\t<ul class=\"elementor-icon-list-items\">\n\t\t\t\t\t\t\t<li class=\"elementor-icon-list-item\">\n\t\t\t\t\t\t\t\t\t\t\t<span class=\"elementor-icon-list-icon\">\n\t\t\t\t\t\t\t<i aria-hidden=\"true\" class=\"fas fa-check\"><\/i>\t\t\t\t\t\t<\/span>\n\t\t\t\t\t\t\t\t\t\t<span class=\"elementor-icon-list-text\">Instalaciones <b> FRIGORIFICAS <\/b><\/span>\n\t\t\t\t\t\t\t\t\t<\/li>\n\t\t\t\t\t\t\t\t<li class=\"elementor-icon-list-item\">\n\t\t\t\t\t\t\t\t\t\t\t<span class=\"elementor-icon-list-icon\">\n\t\t\t\t\t\t\t<i aria-hidden=\"true\" class=\"fas fa-check\"><\/i>\t\t\t\t\t\t<\/span>\n\t\t\t\t\t\t\t\t\t\t<span class=\"elementor-icon-list-text\">Instalaciones <b> HIDR\u00c1ULICAS <\/b><\/span>\n\t\t\t\t\t\t\t\t\t<\/li>\n\t\t\t\t\t\t\t\t<li class=\"elementor-icon-list-item\">\n\t\t\t\t\t\t\t\t\t\t\t<span class=\"elementor-icon-list-icon\">\n\t\t\t\t\t\t\t<i aria-hidden=\"true\" class=\"fas fa-check\"><\/i>\t\t\t\t\t\t<\/span>\n\t\t\t\t\t\t\t\t\t\t<span class=\"elementor-icon-list-text\">Instalaciones <b> EL\u00c9CTRICAS <\/b><\/span>\n\t\t\t\t\t\t\t\t\t<\/li>\n\t\t\t\t\t\t<\/ul>\n\t\t\t\t\t\t<\/div>\n\t\t\t\t<\/div>\n\t\t\t\t\t<\/div>\n\t\t<\/div>\n\t\t\t\t\t<\/div>\n\t\t<\/section>\n\t\t\t\t<\/div>\n\t\t","protected":false},"excerpt":{"rendered":"<p>En&nbsp;CLIMASIP&nbsp;realizamos cualquier tipo de instalaciones de obra nueva, de reforma y de ampliaci\u00f3n de las existentes. Adem\u00e1s, disponemos de un departamento t\u00e9cnico para aconsejar y estudiar las necesidades de nuestros clientes para poder obtener el mejor resultado final calidad-precio. Somos&nbsp;especialistas&nbsp;en los siguientes \u00e1mbitos: Instalaciones FRIGORIFICAS Instalaciones HIDR\u00c1ULICAS Instalaciones EL\u00c9CTRICAS<\/p>\n","protected":false},"author":1,"featured_media":0,"parent":19,"menu_order":0,"comment_status":"closed","ping_status":"closed","template":"","meta":{"footnotes":""},"class_list":["post-144","page","type-page","status-publish"],"yoast_head":"<!-- This site is optimized with the Yoast SEO plugin v27.5 - https:\/\/yoast.com\/product\/yoast-seo-wordpress\/ -->\n<title>Instalaciones - CLIMASIP<\/title>\n<meta name=\"robots\" content=\"index, follow, max-snippet:-1, max-image-preview:large, max-video-preview:-1\" \/>\n<link rel=\"canonical\" href=\"https:\/\/www.climasip.es\/es\/servicios\/instalaciones\/\" \/>\n<meta property=\"og:locale\" content=\"es_ES\" \/>\n<meta property=\"og:type\" content=\"article\" \/>\n<meta property=\"og:title\" content=\"Instalaciones - CLIMASIP\" \/>\n<meta property=\"og:description\" content=\"En&nbsp;CLIMASIP&nbsp;realizamos cualquier tipo de instalaciones de obra nueva, de reforma y de ampliaci\u00f3n de las existentes. Adem\u00e1s, disponemos de un departamento t\u00e9cnico para aconsejar y estudiar las necesidades de nuestros clientes para poder obtener el mejor resultado final calidad-precio. Somos&nbsp;especialistas&nbsp;en los siguientes \u00e1mbitos: Instalaciones FRIGORIFICAS Instalaciones HIDR\u00c1ULICAS Instalaciones EL\u00c9CTRICAS\" \/>\n<meta property=\"og:url\" content=\"https:\/\/www.climasip.es\/es\/servicios\/instalaciones\/\" \/>\n<meta property=\"og:site_name\" content=\"CLIMASIP\" \/>\n<meta property=\"article:modified_time\" content=\"2019-11-27T11:50:40+00:00\" \/>\n<meta name=\"twitter:card\" content=\"summary_large_image\" \/>\n<script type=\"application\/ld+json\" class=\"yoast-schema-graph\">{\"@context\":\"https:\\\/\\\/schema.org\",\"@graph\":[{\"@type\":\"WebPage\",\"@id\":\"https:\\\/\\\/www.climasip.es\\\/es\\\/servicios\\\/instalaciones\\\/\",\"url\":\"https:\\\/\\\/www.climasip.es\\\/es\\\/servicios\\\/instalaciones\\\/\",\"name\":\"Instalaciones - CLIMASIP\",\"isPartOf\":{\"@id\":\"https:\\\/\\\/www.climasip.es\\\/es\\\/#website\"},\"datePublished\":\"2019-06-28T06:40:38+00:00\",\"dateModified\":\"2019-11-27T11:50:40+00:00\",\"breadcrumb\":{\"@id\":\"https:\\\/\\\/www.climasip.es\\\/es\\\/servicios\\\/instalaciones\\\/#breadcrumb\"},\"inLanguage\":\"es\",\"potentialAction\":[{\"@type\":\"ReadAction\",\"target\":[\"https:\\\/\\\/www.climasip.es\\\/es\\\/servicios\\\/instalaciones\\\/\"]}]},{\"@type\":\"BreadcrumbList\",\"@id\":\"https:\\\/\\\/www.climasip.es\\\/es\\\/servicios\\\/instalaciones\\\/#breadcrumb\",\"itemListElement\":[{\"@type\":\"ListItem\",\"position\":1,\"name\":\"Inici\",\"item\":\"https:\\\/\\\/www.climasip.es\\\/es\\\/\"},{\"@type\":\"ListItem\",\"position\":2,\"name\":\"Servicios\",\"item\":\"https:\\\/\\\/www.climasip.es\\\/es\\\/servicios\\\/\"},{\"@type\":\"ListItem\",\"position\":3,\"name\":\"Instalaciones\"}]},{\"@type\":\"WebSite\",\"@id\":\"https:\\\/\\\/www.climasip.es\\\/es\\\/#website\",\"url\":\"https:\\\/\\\/www.climasip.es\\\/es\\\/\",\"name\":\"CLIMASIP\",\"description\":\"Climatitzaci\u00f3 i refrigeraci\u00f3 dom\u00e8stica, comercial i industrial.\",\"publisher\":{\"@id\":\"https:\\\/\\\/www.climasip.es\\\/es\\\/#organization\"},\"potentialAction\":[{\"@type\":\"SearchAction\",\"target\":{\"@type\":\"EntryPoint\",\"urlTemplate\":\"https:\\\/\\\/www.climasip.es\\\/es\\\/?s={search_term_string}\"},\"query-input\":{\"@type\":\"PropertyValueSpecification\",\"valueRequired\":true,\"valueName\":\"search_term_string\"}}],\"inLanguage\":\"es\"},{\"@type\":\"Organization\",\"@id\":\"https:\\\/\\\/www.climasip.es\\\/es\\\/#organization\",\"name\":\"CLIMASIP\",\"url\":\"https:\\\/\\\/www.climasip.es\\\/es\\\/\",\"logo\":{\"@type\":\"ImageObject\",\"inLanguage\":\"es\",\"@id\":\"https:\\\/\\\/www.climasip.es\\\/es\\\/#\\\/schema\\\/logo\\\/image\\\/\",\"url\":\"https:\\\/\\\/www.climasip.es\\\/es\\\/wp-content\\\/uploads\\\/sites\\\/2\\\/logo-climasip-n.jpg\",\"contentUrl\":\"https:\\\/\\\/www.climasip.es\\\/es\\\/wp-content\\\/uploads\\\/sites\\\/2\\\/logo-climasip-n.jpg\",\"width\":1000,\"height\":377,\"caption\":\"CLIMASIP\"},\"image\":{\"@id\":\"https:\\\/\\\/www.climasip.es\\\/es\\\/#\\\/schema\\\/logo\\\/image\\\/\"}}]}<\/script>\n<!-- \/ Yoast SEO plugin. -->","yoast_head_json":{"title":"Instalaciones - CLIMASIP","robots":{"index":"index","follow":"follow","max-snippet":"max-snippet:-1","max-image-preview":"max-image-preview:large","max-video-preview":"max-video-preview:-1"},"canonical":"https:\/\/www.climasip.es\/es\/servicios\/instalaciones\/","og_locale":"es_ES","og_type":"article","og_title":"Instalaciones - CLIMASIP","og_description":"En&nbsp;CLIMASIP&nbsp;realizamos cualquier tipo de instalaciones de obra nueva, de reforma y de ampliaci\u00f3n de las existentes. Adem\u00e1s, disponemos de un departamento t\u00e9cnico para aconsejar y estudiar las necesidades de nuestros clientes para poder obtener el mejor resultado final calidad-precio. Somos&nbsp;especialistas&nbsp;en los siguientes \u00e1mbitos: Instalaciones FRIGORIFICAS Instalaciones HIDR\u00c1ULICAS Instalaciones EL\u00c9CTRICAS","og_url":"https:\/\/www.climasip.es\/es\/servicios\/instalaciones\/","og_site_name":"CLIMASIP","article_modified_time":"2019-11-27T11:50:40+00:00","twitter_card":"summary_large_image","schema":{"@context":"https:\/\/schema.org","@graph":[{"@type":"WebPage","@id":"https:\/\/www.climasip.es\/es\/servicios\/instalaciones\/","url":"https:\/\/www.climasip.es\/es\/servicios\/instalaciones\/","name":"Instalaciones - CLIMASIP","isPartOf":{"@id":"https:\/\/www.climasip.es\/es\/#website"},"datePublished":"2019-06-28T06:40:38+00:00","dateModified":"2019-11-27T11:50:40+00:00","breadcrumb":{"@id":"https:\/\/www.climasip.es\/es\/servicios\/instalaciones\/#breadcrumb"},"inLanguage":"es","potentialAction":[{"@type":"ReadAction","target":["https:\/\/www.climasip.es\/es\/servicios\/instalaciones\/"]}]},{"@type":"BreadcrumbList","@id":"https:\/\/www.climasip.es\/es\/servicios\/instalaciones\/#breadcrumb","itemListElement":[{"@type":"ListItem","position":1,"name":"Inici","item":"https:\/\/www.climasip.es\/es\/"},{"@type":"ListItem","position":2,"name":"Servicios","item":"https:\/\/www.climasip.es\/es\/servicios\/"},{"@type":"ListItem","position":3,"name":"Instalaciones"}]},{"@type":"WebSite","@id":"https:\/\/www.climasip.es\/es\/#website","url":"https:\/\/www.climasip.es\/es\/","name":"CLIMASIP","description":"Climatitzaci\u00f3 i refrigeraci\u00f3 dom\u00e8stica, comercial i industrial.","publisher":{"@id":"https:\/\/www.climasip.es\/es\/#organization"},"potentialAction":[{"@type":"SearchAction","target":{"@type":"EntryPoint","urlTemplate":"https:\/\/www.climasip.es\/es\/?s={search_term_string}"},"query-input":{"@type":"PropertyValueSpecification","valueRequired":true,"valueName":"search_term_string"}}],"inLanguage":"es"},{"@type":"Organization","@id":"https:\/\/www.climasip.es\/es\/#organization","name":"CLIMASIP","url":"https:\/\/www.climasip.es\/es\/","logo":{"@type":"ImageObject","inLanguage":"es","@id":"https:\/\/www.climasip.es\/es\/#\/schema\/logo\/image\/","url":"https:\/\/www.climasip.es\/es\/wp-content\/uploads\/sites\/2\/logo-climasip-n.jpg","contentUrl":"https:\/\/www.climasip.es\/es\/wp-content\/uploads\/sites\/2\/logo-climasip-n.jpg","width":1000,"height":377,"caption":"CLIMASIP"},"image":{"@id":"https:\/\/www.climasip.es\/es\/#\/schema\/logo\/image\/"}}]}},"_links":{"self":[{"href":"https:\/\/www.climasip.es\/es\/wp-json\/wp\/v2\/pages\/144","targetHints":{"allow":["GET"]}}],"collection":[{"href":"https:\/\/www.climasip.es\/es\/wp-json\/wp\/v2\/pages"}],"about":[{"href":"https:\/\/www.climasip.es\/es\/wp-json\/wp\/v2\/types\/page"}],"author":[{"embeddable":true,"href":"https:\/\/www.climasip.es\/es\/wp-json\/wp\/v2\/users\/1"}],"replies":[{"embeddable":true,"href":"https:\/\/www.climasip.es\/es\/wp-json\/wp\/v2\/comments?post=144"}],"version-history":[{"count":9,"href":"https:\/\/www.climasip.es\/es\/wp-json\/wp\/v2\/pages\/144\/revisions"}],"predecessor-version":[{"id":487,"href":"https:\/\/www.climasip.es\/es\/wp-json\/wp\/v2\/pages\/144\/revisions\/487"}],"up":[{"embeddable":true,"href":"https:\/\/www.climasip.es\/es\/wp-json\/wp\/v2\/pages\/19"}],"wp:attachment":[{"href":"https:\/\/www.climasip.es\/es\/wp-json\/wp\/v2\/media?parent=144"}],"curies":[{"name":"wp","href":"https:\/\/api.w.org\/{rel}","templated":true}]}}